{"id":86,"date":"2019-03-23T21:14:50","date_gmt":"2019-03-23T20:14:50","guid":{"rendered":"http:\/\/localhost:8888\/?page_id=86"},"modified":"2021-09-09T22:52:29","modified_gmt":"2021-09-09T20:52:29","slug":"qui-sommes-nous","status":"publish","type":"page","link":"https:\/\/psychomotive.be\/WP\/qui-sommes-nous\/","title":{"rendered":"Qui sommes-nous ?"},"content":{"rendered":"\t\t<div data-elementor-type=\"wp-page\" data-elementor-id=\"86\" class=\"elementor elementor-86\">\n\t\t\t\t\t\t<div class=\"elementor-inner\">\n\t\t\t\t<div class=\"elementor-section-wrap\">\n\t\t\t\t\t\t\t\t\t<section class=\"elementor-section elementor-top-section elementor-element elementor-element-b322434 elementor-section-boxed elementor-section-height-default elementor-section-height-default\" data-id=\"b322434\" data-element_type=\"section\">\n\t\t\t\t\t\t<div class=\"elementor-container elementor-column-gap-default\">\n\t\t\t\t\t\t\t<div class=\"elementor-row\">\n\t\t\t\t\t<div class=\"elementor-column elementor-col-100 elementor-top-column elementor-element elementor-element-26703e68\" data-id=\"26703e68\" data-element_type=\"column\">\n\t\t\t<div class=\"elementor-column-wrap elementor-element-populated\">\n\t\t\t\t\t\t\t<div class=\"elementor-widget-wrap\">\n\t\t\t\t\t\t<div class=\"elementor-element elementor-element-0a6a9f0 elementor-widget elementor-widget-text-editor\" data-id=\"0a6a9f0\" data-element_type=\"widget\" data-widget_type=\"text-editor.default\">\n\t\t\t\t<div class=\"elementor-widget-container\">\n\t\t\t\t\t\t\t\t<div class=\"elementor-text-editor elementor-clearfix\">\n\t\t\t\t<p style=\"margin: 4.5pt 0cm; background-image: initial; background-position: initial; background-size: initial; background-repeat: initial; background-attachment: initial; background-origin: initial; background-clip: initial; text-align: center;\"><i><span lang=\"FR-BE\" style=\"font-size: 10.5pt; font-family: 'Helvetica',sans-serif; color: #1d2129;\">\u00ab\u00a0Une sant\u00e9 mentale suffisamment bonne peut \u00eatre d\u00e9finie comme la capacit\u00e9 de vivre et de souffrir dans un environnement donn\u00e9 et transformable, <\/span><\/i><\/p><p style=\"margin: 4.5pt 0cm; background-image: initial; background-position: initial; background-size: initial; background-repeat: initial; background-attachment: initial; background-origin: initial; background-clip: initial; text-align: center;\"><i><span lang=\"FR-BE\" style=\"font-size: 10.5pt; font-family: 'Helvetica',sans-serif; color: #1d2129;\">c&rsquo;est-\u00e0-dire comme la capacit\u00e9 de vivre avec autrui en restant en lien avec soi-m\u00eame, sans destructivit\u00e9 mais non pas sans r\u00e9volte\u00a0\u00bb. <\/span><\/i><\/p><p class=\"MsoNormal\" style=\"text-align: right;\" align=\"right\"><span lang=\"FR-BE\" style=\"font-size: 9.0pt; line-height: 107%;\">Furtos, J. (2008). <i>Les cliniques de la pr\u00e9carit\u00e9. Contexte social, psychopathologie et dispositifs<\/i>.<\/span><\/p>\t\t\t\t\t<\/div>\n\t\t\t\t\t\t<\/div>\n\t\t\t\t<\/div>\n\t\t\t\t<div class=\"elementor-element elementor-element-18568d11 elementor-widget elementor-widget-shortcode\" data-id=\"18568d11\" data-element_type=\"widget\" data-widget_type=\"shortcode.default\">\n\t\t\t\t<div class=\"elementor-widget-container\">\n\t\t\t\t\t<div class=\"elementor-shortcode\"><div class=\"tmm tmm_superteam\"><div class=\"tmm_4_columns tmm_wrap tmm_plugin_f\"><span class=\"tmm_two_containers_tablet\"><\/span><div class=\"tmm_container\"><div class=\"tmm_member\" style=\"border-top:#333333 solid 5px;\"><a  href=\"https:\/\/psychomotive.be\/WP\/qui-sommes-nous\/eliane-desmidt\" title=\"Eliane Desmidt\"><div class=\"tmm_photo tmm_pic_superteam_0\" style=\"background: url(http:\/\/psychomotive.be\/WP\/wp-content\/uploads\/2020\/10\/Eliane-scaled.jpg); margin-left: auto; margin-right:auto; background-size:cover !important;\"><\/div><\/a><div class=\"tmm_textblock\"><div class=\"tmm_names\"><span class=\"tmm_fname\">Eliane<\/span> <span class=\"tmm_lname\">Desmidt<\/span><\/div><div class=\"tmm_job\">Soin Psychologique - Psychoth\u00e9rapie<\/div><div class=\"tmm_desc\" style=\"text-align:\"><p>Orthop\u00e9dagogue Clinicienne (UCL),<\/p><p>Psychop\u00e9dagogue (UCL),<\/p><p>Psychomotricienne.<\/p><\/div><div class=\"tmm_scblock\"><\/div><\/div><\/div><div class=\"tmm_member\" style=\"border-top:#333333 solid 5px;\"><a  href=\"https:\/\/psychomotive.be\/WP\/qui-sommes-nous\/laetitia-lawarree\" title=\"Laetitia Lawarree\"><div class=\"tmm_photo tmm_pic_superteam_1\" style=\"background: url(http:\/\/psychomotive.be\/WP\/wp-content\/uploads\/2020\/10\/Laetitia.jpg); margin-left: auto; margin-right:auto; background-size:cover !important;\"><\/div><\/a><div class=\"tmm_textblock\"><div class=\"tmm_names\"><span class=\"tmm_fname\">Laetitia<\/span> <span class=\"tmm_lname\">Lawarree<\/span><\/div><div class=\"tmm_desc\" style=\"text-align:\"><p>Assistante en Psychologie<\/p><p>\u00a0<\/p><p>\u00a0<\/p><\/div><div class=\"tmm_scblock\"><\/div><\/div><\/div><span class=\"tmm_two_containers_tablet\"><\/span><div class=\"tmm_member\" style=\"border-top:#333333 solid 5px;\"><a  href=\"https:\/\/psychomotive.be\/WP\/qui-sommes-nous\/georges-moussot\" title=\"Georges Moussot\"><div class=\"tmm_photo tmm_pic_superteam_2\" style=\"background: url(http:\/\/psychomotive.be\/WP\/wp-content\/uploads\/2020\/10\/Georges.jpg); margin-left: auto; margin-right:auto; background-size:cover !important;\"><\/div><\/a><div class=\"tmm_textblock\"><div class=\"tmm_names\"><span class=\"tmm_fname\">Georges<\/span> <span class=\"tmm_lname\">Moussot<\/span><\/div><div class=\"tmm_desc\" style=\"text-align:\"><p>Coach en d\u00e9veloppement personnel<\/p><p>\u00a0<\/p><p>\u00a0<\/p><\/div><div class=\"tmm_scblock\"><\/div><\/div><\/div><div style=\"clear:both;\"><\/div><\/div><\/div><\/div><\/div>\n\t\t\t\t<\/div>\n\t\t\t\t<\/div>\n\t\t\t\t\t\t<\/div>\n\t\t\t\t\t<\/div>\n\t\t<\/div>\n\t\t\t\t\t\t\t\t<\/div>\n\t\t\t\t\t<\/div>\n\t\t<\/section>\n\t\t\t\t\t\t\t\t\t<\/div>\n\t\t\t<\/div>\n\t\t\t\t\t<\/div>\n\t\t","protected":false},"excerpt":{"rendered":"<p>\u00ab\u00a0Une sant\u00e9 mentale suffisamment bonne peut \u00eatre d\u00e9finie comme la capacit\u00e9 de vivre et de souffrir dans un environnement donn\u00e9 et transformable, c&rsquo;est-\u00e0-dire comme la capacit\u00e9 de vivre avec autrui en restant en lien avec soi-m\u00eame, sans destructivit\u00e9 mais non pas sans r\u00e9volte\u00a0\u00bb. Furtos, J. (2008). Les cliniques de la pr\u00e9carit\u00e9. Contexte social, psychopathologie et [&hellip;]<\/p>\n","protected":false},"author":1,"featured_media":0,"parent":0,"menu_order":0,"comment_status":"closed","ping_status":"closed","template":"templates\/template_page-full-width.php","meta":{"footnotes":""},"class_list":["post-86","page","type-page","status-publish","hentry"],"yoast_head":"<!-- This site is optimized with the Yoast SEO plugin v18.1 - https:\/\/yoast.com\/wordpress\/plugins\/seo\/ -->\n<title>Qui sommes-nous ? - Psychomotive<\/title>\n<meta name=\"robots\" content=\"index, follow, max-snippet:-1, max-image-preview:large, max-video-preview:-1\" \/>\n<link rel=\"canonical\" href=\"http:\/\/psychomotive.be\/WP\/qui-sommes-nous\/\" \/>\n<meta property=\"og:locale\" content=\"fr_FR\" \/>\n<meta property=\"og:type\" content=\"article\" \/>\n<meta property=\"og:title\" content=\"Qui sommes-nous ? - Psychomotive\" \/>\n<meta property=\"og:description\" content=\"\u00ab\u00a0Une sant\u00e9 mentale suffisamment bonne peut \u00eatre d\u00e9finie comme la capacit\u00e9 de vivre et de souffrir dans un environnement donn\u00e9 et transformable, c&rsquo;est-\u00e0-dire comme la capacit\u00e9 de vivre avec autrui en restant en lien avec soi-m\u00eame, sans destructivit\u00e9 mais non pas sans r\u00e9volte\u00a0\u00bb. Furtos, J. (2008). Les cliniques de la pr\u00e9carit\u00e9. Contexte social, psychopathologie et [&hellip;]\" \/>\n<meta property=\"og:url\" content=\"http:\/\/psychomotive.be\/WP\/qui-sommes-nous\/\" \/>\n<meta property=\"og:site_name\" content=\"Psychomotive\" \/>\n<meta property=\"article:publisher\" content=\"https:\/\/www.facebook.com\/Psychomotive-1345472448800391\/\" \/>\n<meta property=\"article:modified_time\" content=\"2021-09-09T20:52:29+00:00\" \/>\n<meta name=\"twitter:card\" content=\"summary_large_image\" \/>\n<script type=\"application\/ld+json\" class=\"yoast-schema-graph\">{\"@context\":\"https:\/\/schema.org\",\"@graph\":[{\"@type\":\"WebSite\",\"@id\":\"https:\/\/psychomotive.be\/WP\/#website\",\"url\":\"https:\/\/psychomotive.be\/WP\/\",\"name\":\"Psychomotive\",\"description\":\"\",\"potentialAction\":[{\"@type\":\"SearchAction\",\"target\":{\"@type\":\"EntryPoint\",\"urlTemplate\":\"https:\/\/psychomotive.be\/WP\/?s={search_term_string}\"},\"query-input\":\"required name=search_term_string\"}],\"inLanguage\":\"fr-FR\"},{\"@type\":\"WebPage\",\"@id\":\"http:\/\/psychomotive.be\/WP\/qui-sommes-nous\/#webpage\",\"url\":\"http:\/\/psychomotive.be\/WP\/qui-sommes-nous\/\",\"name\":\"Qui sommes-nous ? - Psychomotive\",\"isPartOf\":{\"@id\":\"https:\/\/psychomotive.be\/WP\/#website\"},\"datePublished\":\"2019-03-23T20:14:50+00:00\",\"dateModified\":\"2021-09-09T20:52:29+00:00\",\"breadcrumb\":{\"@id\":\"http:\/\/psychomotive.be\/WP\/qui-sommes-nous\/#breadcrumb\"},\"inLanguage\":\"fr-FR\",\"potentialAction\":[{\"@type\":\"ReadAction\",\"target\":[\"http:\/\/psychomotive.be\/WP\/qui-sommes-nous\/\"]}]},{\"@type\":\"BreadcrumbList\",\"@id\":\"http:\/\/psychomotive.be\/WP\/qui-sommes-nous\/#breadcrumb\",\"itemListElement\":[{\"@type\":\"ListItem\",\"position\":1,\"name\":\"Accueil\",\"item\":\"https:\/\/psychomotive.be\/WP\/\"},{\"@type\":\"ListItem\",\"position\":2,\"name\":\"Qui sommes-nous ?\"}]}]}<\/script>\n<!-- \/ Yoast SEO plugin. -->","yoast_head_json":{"title":"Qui sommes-nous ? - Psychomotive","robots":{"index":"index","follow":"follow","max-snippet":"max-snippet:-1","max-image-preview":"max-image-preview:large","max-video-preview":"max-video-preview:-1"},"canonical":"http:\/\/psychomotive.be\/WP\/qui-sommes-nous\/","og_locale":"fr_FR","og_type":"article","og_title":"Qui sommes-nous ? - Psychomotive","og_description":"\u00ab\u00a0Une sant\u00e9 mentale suffisamment bonne peut \u00eatre d\u00e9finie comme la capacit\u00e9 de vivre et de souffrir dans un environnement donn\u00e9 et transformable, c&rsquo;est-\u00e0-dire comme la capacit\u00e9 de vivre avec autrui en restant en lien avec soi-m\u00eame, sans destructivit\u00e9 mais non pas sans r\u00e9volte\u00a0\u00bb. Furtos, J. (2008). Les cliniques de la pr\u00e9carit\u00e9. Contexte social, psychopathologie et [&hellip;]","og_url":"http:\/\/psychomotive.be\/WP\/qui-sommes-nous\/","og_site_name":"Psychomotive","article_publisher":"https:\/\/www.facebook.com\/Psychomotive-1345472448800391\/","article_modified_time":"2021-09-09T20:52:29+00:00","twitter_card":"summary_large_image","schema":{"@context":"https:\/\/schema.org","@graph":[{"@type":"WebSite","@id":"https:\/\/psychomotive.be\/WP\/#website","url":"https:\/\/psychomotive.be\/WP\/","name":"Psychomotive","description":"","potentialAction":[{"@type":"SearchAction","target":{"@type":"EntryPoint","urlTemplate":"https:\/\/psychomotive.be\/WP\/?s={search_term_string}"},"query-input":"required name=search_term_string"}],"inLanguage":"fr-FR"},{"@type":"WebPage","@id":"http:\/\/psychomotive.be\/WP\/qui-sommes-nous\/#webpage","url":"http:\/\/psychomotive.be\/WP\/qui-sommes-nous\/","name":"Qui sommes-nous ? - Psychomotive","isPartOf":{"@id":"https:\/\/psychomotive.be\/WP\/#website"},"datePublished":"2019-03-23T20:14:50+00:00","dateModified":"2021-09-09T20:52:29+00:00","breadcrumb":{"@id":"http:\/\/psychomotive.be\/WP\/qui-sommes-nous\/#breadcrumb"},"inLanguage":"fr-FR","potentialAction":[{"@type":"ReadAction","target":["http:\/\/psychomotive.be\/WP\/qui-sommes-nous\/"]}]},{"@type":"BreadcrumbList","@id":"http:\/\/psychomotive.be\/WP\/qui-sommes-nous\/#breadcrumb","itemListElement":[{"@type":"ListItem","position":1,"name":"Accueil","item":"https:\/\/psychomotive.be\/WP\/"},{"@type":"ListItem","position":2,"name":"Qui sommes-nous ?"}]}]}},"_links":{"self":[{"href":"https:\/\/psychomotive.be\/WP\/wp-json\/wp\/v2\/pages\/86","targetHints":{"allow":["GET"]}}],"collection":[{"href":"https:\/\/psychomotive.be\/WP\/wp-json\/wp\/v2\/pages"}],"about":[{"href":"https:\/\/psychomotive.be\/WP\/wp-json\/wp\/v2\/types\/page"}],"author":[{"embeddable":true,"href":"https:\/\/psychomotive.be\/WP\/wp-json\/wp\/v2\/users\/1"}],"replies":[{"embeddable":true,"href":"https:\/\/psychomotive.be\/WP\/wp-json\/wp\/v2\/comments?post=86"}],"version-history":[{"count":8,"href":"https:\/\/psychomotive.be\/WP\/wp-json\/wp\/v2\/pages\/86\/revisions"}],"predecessor-version":[{"id":713,"href":"https:\/\/psychomotive.be\/WP\/wp-json\/wp\/v2\/pages\/86\/revisions\/713"}],"wp:attachment":[{"href":"https:\/\/psychomotive.be\/WP\/wp-json\/wp\/v2\/media?parent=86"}],"curies":[{"name":"wp","href":"https:\/\/api.w.org\/{rel}","templated":true}]}}