{"id":378,"date":"2020-10-13T22:27:22","date_gmt":"2020-10-13T20:27:22","guid":{"rendered":"http:\/\/psychomotive.be\/WP\/?page_id=378"},"modified":"2020-10-29T19:47:02","modified_gmt":"2020-10-29T18:47:02","slug":"historique","status":"publish","type":"page","link":"https:\/\/psychomotive.be\/WP\/historique\/","title":{"rendered":"Historique"},"content":{"rendered":"\t\t<div data-elementor-type=\"wp-page\" data-elementor-id=\"378\" class=\"elementor elementor-378\">\n\t\t\t\t\t\t<div class=\"elementor-inner\">\n\t\t\t\t<div class=\"elementor-section-wrap\">\n\t\t\t\t\t\t\t\t\t<section class=\"elementor-section elementor-top-section elementor-element elementor-element-7d34b15 elementor-section-boxed elementor-section-height-default elementor-section-height-default\" data-id=\"7d34b15\" data-element_type=\"section\">\n\t\t\t\t\t\t<div class=\"elementor-container elementor-column-gap-default\">\n\t\t\t\t\t\t\t<div class=\"elementor-row\">\n\t\t\t\t\t<div class=\"elementor-column elementor-col-100 elementor-top-column elementor-element elementor-element-e097cc4\" data-id=\"e097cc4\" data-element_type=\"column\">\n\t\t\t<div class=\"elementor-column-wrap elementor-element-populated\">\n\t\t\t\t\t\t\t<div class=\"elementor-widget-wrap\">\n\t\t\t\t\t\t<div class=\"elementor-element elementor-element-c08d0eb elementor-widget elementor-widget-text-editor\" data-id=\"c08d0eb\" data-element_type=\"widget\" data-widget_type=\"text-editor.default\">\n\t\t\t\t<div class=\"elementor-widget-container\">\n\t\t\t\t\t\t\t\t<div class=\"elementor-text-editor elementor-clearfix\">\n\t\t\t\t<h2 style=\"text-align: center;\"><span style=\"color: #5f0736;\">Historique<\/span><\/h2>\t\t\t\t\t<\/div>\n\t\t\t\t\t\t<\/div>\n\t\t\t\t<\/div>\n\t\t\t\t\t\t<\/div>\n\t\t\t\t\t<\/div>\n\t\t<\/div>\n\t\t\t\t\t\t\t\t<\/div>\n\t\t\t\t\t<\/div>\n\t\t<\/section>\n\t\t\t\t<section class=\"elementor-section elementor-top-section elementor-element elementor-element-d0f245c elementor-section-boxed elementor-section-height-default elementor-section-height-default\" data-id=\"d0f245c\" data-element_type=\"section\">\n\t\t\t\t\t\t<div class=\"elementor-container elementor-column-gap-default\">\n\t\t\t\t\t\t\t<div class=\"elementor-row\">\n\t\t\t\t\t<div class=\"elementor-column elementor-col-100 elementor-top-column elementor-element elementor-element-ec3a2d7\" data-id=\"ec3a2d7\" data-element_type=\"column\">\n\t\t\t<div class=\"elementor-column-wrap elementor-element-populated\">\n\t\t\t\t\t\t\t<div class=\"elementor-widget-wrap\">\n\t\t\t\t\t\t<div class=\"elementor-element elementor-element-6012d2b elementor-widget elementor-widget-spacer\" data-id=\"6012d2b\" data-element_type=\"widget\" data-widget_type=\"spacer.default\">\n\t\t\t\t<div class=\"elementor-widget-container\">\n\t\t\t\t\t<div class=\"elementor-spacer\">\n\t\t\t<div class=\"elementor-spacer-inner\"><\/div>\n\t\t<\/div>\n\t\t\t\t<\/div>\n\t\t\t\t<\/div>\n\t\t\t\t\t\t<\/div>\n\t\t\t\t\t<\/div>\n\t\t<\/div>\n\t\t\t\t\t\t\t\t<\/div>\n\t\t\t\t\t<\/div>\n\t\t<\/section>\n\t\t\t\t<section class=\"elementor-section elementor-top-section elementor-element elementor-element-23dde8a2 elementor-section-boxed elementor-section-height-default elementor-section-height-default\" data-id=\"23dde8a2\" data-element_type=\"section\">\n\t\t\t\t\t\t<div class=\"elementor-container elementor-column-gap-default\">\n\t\t\t\t\t\t\t<div class=\"elementor-row\">\n\t\t\t\t\t<div class=\"elementor-column elementor-col-100 elementor-top-column elementor-element elementor-element-3545c327\" data-id=\"3545c327\" data-element_type=\"column\">\n\t\t\t<div class=\"elementor-column-wrap elementor-element-populated\">\n\t\t\t\t\t\t\t<div class=\"elementor-widget-wrap\">\n\t\t\t\t\t\t<div class=\"elementor-element elementor-element-40411c14 elementor-widget elementor-widget-text-editor\" data-id=\"40411c14\" data-element_type=\"widget\" data-widget_type=\"text-editor.default\">\n\t\t\t\t<div class=\"elementor-widget-container\">\n\t\t\t\t\t\t\t\t<div class=\"elementor-text-editor elementor-clearfix\">\n\t\t\t\t<!-- wp:paragraph -->\n<p>A l\u2019origine, Eliane Desmidt rallie de personnes motiv\u00e9es et partageant des valeurs communes \u00e0 ce projet dont le but est l\u2019aide au d\u00e9veloppement et \u00e0 l\u2019int\u00e9gration de toute personne dans une optique de d\u00e9veloppement durable humain. L\u2019asbl Psychomotive na\u00eet en 2010 avec Georges, Laetitia, S\u00e9verine, Bernard et Eliane.<\/p>\n<!-- \/wp:paragraph --><!-- wp:paragraph -->\n<p>L&rsquo;association organise et soutient diverses activit\u00e9s dans le domaine \u00e9ducatif et pr\u00e9ventif, mais aussi dans le domaine du soutien parental et familial, ainsi que de l&rsquo;aide individuelle.<\/p>\n<p>\u00a0<\/p>\n<!-- \/wp:paragraph --><!-- wp:paragraph -->\n<p>Les exp\u00e9riences professionnelles utiles des intervenants \u00e0 Psychomotive sont les suivantes :<\/p>\n<!-- \/wp:paragraph --><!-- wp:paragraph -->\n<p>Collaboration ou engagement durant plusieurs ann\u00e9es dans des asbl ayant des buts proches de \u00ab\u00a0Psychomotive\u00a0\u00bb.<\/p>\n<!-- \/wp:paragraph --><!-- wp:paragraph -->\n<ul>\n<li>Exp\u00e9riences dans l&rsquo;accueil de l&rsquo;enfance, de l&rsquo;adolescence et des adultes, en milieu institutionnel ou milieu ouvert, et notamment dans le secteur du handicap mental et de l\u2019accompagnement d&rsquo;enfants ayant des troubles du comportement et des troubles du d\u00e9veloppement\u2026<\/li>\n<\/ul>\n<!-- \/wp:paragraph --><!-- wp:paragraph -->\n<ul>\n<li>Exp\u00e9riences en tant qu&rsquo;enseignants \/ formateurs dans le secteur social, dans l&rsquo;accueil des enfants en collectivit\u00e9 ainsi qu&rsquo;en Haute Ecole p\u00e9dagogique et param\u00e9dicale.<\/li>\n<\/ul>\n<!-- \/wp:paragraph --><!-- wp:paragraph -->\n<ul>\n<li>Exp\u00e9riences dans l&rsquo;animation et l&rsquo;animation sp\u00e9cialis\u00e9e, \u2026<\/li>\n<\/ul>\n<!-- \/wp:paragraph --><!-- wp:paragraph -->\n<p style=\"text-align: center;\"><strong>La collaboration avec divers autres intervenants est une n\u00e9cessit\u00e9\u2026 <\/strong><\/p>\n<p style=\"text-align: center;\"><strong>Nous orientons les personnes en demandes selon les besoins analys\u00e9s car il<\/strong><strong>\u00a0est parfois n\u00e9cessaire d&#8217;emprunter d&rsquo;autres voies\u2026<\/strong><\/p>\n<p style=\"text-align: center;\"><strong>Nous collaborons aussi in\u00e9vitablement avec des services m\u00e9dicaux et param\u00e9dicaux de la r\u00e9gion.<\/strong><\/p>\n<!-- \/wp:paragraph --><!-- wp:paragraph -->\n<p>\u00a0<\/p>\n<!-- \/wp:paragraph --><!-- wp:paragraph -->\n<p style=\"text-align: center;\"><strong>En effet, nous ne sommes pas \u00ab\u00a0tout\u00a0\u00bb, nous ne savons pas \u00ab\u00a0tout\u00a0\u00bb, nous ne faisons pas \u00ab\u00a0tout\u00a0\u00bb&#8230;<\/strong><\/p>\n<!-- \/wp:paragraph --><!-- wp:paragraph -->\n<p style=\"text-align: center;\"><strong>Notre force s&rsquo;appuie l\u00e0 o\u00f9 nos limites permettent aussi d&rsquo;autres ressources\u2026!<\/strong><\/p>\n<!-- \/wp:paragraph -->\t\t\t\t\t<\/div>\n\t\t\t\t\t\t<\/div>\n\t\t\t\t<\/div>\n\t\t\t\t\t\t<\/div>\n\t\t\t\t\t<\/div>\n\t\t<\/div>\n\t\t\t\t\t\t\t\t<\/div>\n\t\t\t\t\t<\/div>\n\t\t<\/section>\n\t\t\t\t\t\t\t\t\t<\/div>\n\t\t\t<\/div>\n\t\t\t\t\t<\/div>\n\t\t","protected":false},"excerpt":{"rendered":"<p>Historique A l\u2019origine, Eliane Desmidt rallie de personnes motiv\u00e9es et partageant des valeurs communes \u00e0 ce projet dont le but est l\u2019aide au d\u00e9veloppement et \u00e0 l\u2019int\u00e9gration de toute personne dans une optique de d\u00e9veloppement durable humain. L\u2019asbl Psychomotive na\u00eet en 2010 avec Georges, Laetitia, S\u00e9verine, Bernard et Eliane. L&rsquo;association organise et soutient diverses activit\u00e9s [&hellip;]<\/p>\n","protected":false},"author":1,"featured_media":0,"parent":0,"menu_order":0,"comment_status":"closed","ping_status":"closed","template":"templates\/template_page-full-width.php","meta":{"footnotes":""},"class_list":["post-378","page","type-page","status-publish","hentry"],"yoast_head":"<!-- This site is optimized with the Yoast SEO plugin v18.1 - https:\/\/yoast.com\/wordpress\/plugins\/seo\/ -->\n<title>Historique - Psychomotive<\/title>\n<meta name=\"robots\" content=\"index, follow, max-snippet:-1, max-image-preview:large, max-video-preview:-1\" \/>\n<link rel=\"canonical\" href=\"http:\/\/psychomotive.be\/WP\/historique\/\" \/>\n<meta property=\"og:locale\" content=\"fr_FR\" \/>\n<meta property=\"og:type\" content=\"article\" \/>\n<meta property=\"og:title\" content=\"Historique - Psychomotive\" \/>\n<meta property=\"og:description\" content=\"Historique A l\u2019origine, Eliane Desmidt rallie de personnes motiv\u00e9es et partageant des valeurs communes \u00e0 ce projet dont le but est l\u2019aide au d\u00e9veloppement et \u00e0 l\u2019int\u00e9gration de toute personne dans une optique de d\u00e9veloppement durable humain. L\u2019asbl Psychomotive na\u00eet en 2010 avec Georges, Laetitia, S\u00e9verine, Bernard et Eliane. L&rsquo;association organise et soutient diverses activit\u00e9s [&hellip;]\" \/>\n<meta property=\"og:url\" content=\"http:\/\/psychomotive.be\/WP\/historique\/\" \/>\n<meta property=\"og:site_name\" content=\"Psychomotive\" \/>\n<meta property=\"article:publisher\" content=\"https:\/\/www.facebook.com\/Psychomotive-1345472448800391\/\" \/>\n<meta property=\"article:modified_time\" content=\"2020-10-29T18:47:02+00:00\" \/>\n<meta name=\"twitter:card\" content=\"summary_large_image\" \/>\n<meta name=\"twitter:label1\" content=\"Dur\u00e9e de lecture estim\u00e9e\" \/>\n\t<meta name=\"twitter:data1\" content=\"1 minute\" \/>\n<script type=\"application\/ld+json\" class=\"yoast-schema-graph\">{\"@context\":\"https:\/\/schema.org\",\"@graph\":[{\"@type\":\"WebSite\",\"@id\":\"https:\/\/psychomotive.be\/WP\/#website\",\"url\":\"https:\/\/psychomotive.be\/WP\/\",\"name\":\"Psychomotive\",\"description\":\"\",\"potentialAction\":[{\"@type\":\"SearchAction\",\"target\":{\"@type\":\"EntryPoint\",\"urlTemplate\":\"https:\/\/psychomotive.be\/WP\/?s={search_term_string}\"},\"query-input\":\"required name=search_term_string\"}],\"inLanguage\":\"fr-FR\"},{\"@type\":\"WebPage\",\"@id\":\"http:\/\/psychomotive.be\/WP\/historique\/#webpage\",\"url\":\"http:\/\/psychomotive.be\/WP\/historique\/\",\"name\":\"Historique - Psychomotive\",\"isPartOf\":{\"@id\":\"https:\/\/psychomotive.be\/WP\/#website\"},\"datePublished\":\"2020-10-13T20:27:22+00:00\",\"dateModified\":\"2020-10-29T18:47:02+00:00\",\"breadcrumb\":{\"@id\":\"http:\/\/psychomotive.be\/WP\/historique\/#breadcrumb\"},\"inLanguage\":\"fr-FR\",\"potentialAction\":[{\"@type\":\"ReadAction\",\"target\":[\"http:\/\/psychomotive.be\/WP\/historique\/\"]}]},{\"@type\":\"BreadcrumbList\",\"@id\":\"http:\/\/psychomotive.be\/WP\/historique\/#breadcrumb\",\"itemListElement\":[{\"@type\":\"ListItem\",\"position\":1,\"name\":\"Accueil\",\"item\":\"https:\/\/psychomotive.be\/WP\/\"},{\"@type\":\"ListItem\",\"position\":2,\"name\":\"Historique\"}]}]}<\/script>\n<!-- \/ Yoast SEO plugin. -->","yoast_head_json":{"title":"Historique - Psychomotive","robots":{"index":"index","follow":"follow","max-snippet":"max-snippet:-1","max-image-preview":"max-image-preview:large","max-video-preview":"max-video-preview:-1"},"canonical":"http:\/\/psychomotive.be\/WP\/historique\/","og_locale":"fr_FR","og_type":"article","og_title":"Historique - Psychomotive","og_description":"Historique A l\u2019origine, Eliane Desmidt rallie de personnes motiv\u00e9es et partageant des valeurs communes \u00e0 ce projet dont le but est l\u2019aide au d\u00e9veloppement et \u00e0 l\u2019int\u00e9gration de toute personne dans une optique de d\u00e9veloppement durable humain. L\u2019asbl Psychomotive na\u00eet en 2010 avec Georges, Laetitia, S\u00e9verine, Bernard et Eliane. L&rsquo;association organise et soutient diverses activit\u00e9s [&hellip;]","og_url":"http:\/\/psychomotive.be\/WP\/historique\/","og_site_name":"Psychomotive","article_publisher":"https:\/\/www.facebook.com\/Psychomotive-1345472448800391\/","article_modified_time":"2020-10-29T18:47:02+00:00","twitter_card":"summary_large_image","twitter_misc":{"Dur\u00e9e de lecture estim\u00e9e":"1 minute"},"schema":{"@context":"https:\/\/schema.org","@graph":[{"@type":"WebSite","@id":"https:\/\/psychomotive.be\/WP\/#website","url":"https:\/\/psychomotive.be\/WP\/","name":"Psychomotive","description":"","potentialAction":[{"@type":"SearchAction","target":{"@type":"EntryPoint","urlTemplate":"https:\/\/psychomotive.be\/WP\/?s={search_term_string}"},"query-input":"required name=search_term_string"}],"inLanguage":"fr-FR"},{"@type":"WebPage","@id":"http:\/\/psychomotive.be\/WP\/historique\/#webpage","url":"http:\/\/psychomotive.be\/WP\/historique\/","name":"Historique - Psychomotive","isPartOf":{"@id":"https:\/\/psychomotive.be\/WP\/#website"},"datePublished":"2020-10-13T20:27:22+00:00","dateModified":"2020-10-29T18:47:02+00:00","breadcrumb":{"@id":"http:\/\/psychomotive.be\/WP\/historique\/#breadcrumb"},"inLanguage":"fr-FR","potentialAction":[{"@type":"ReadAction","target":["http:\/\/psychomotive.be\/WP\/historique\/"]}]},{"@type":"BreadcrumbList","@id":"http:\/\/psychomotive.be\/WP\/historique\/#breadcrumb","itemListElement":[{"@type":"ListItem","position":1,"name":"Accueil","item":"https:\/\/psychomotive.be\/WP\/"},{"@type":"ListItem","position":2,"name":"Historique"}]}]}},"_links":{"self":[{"href":"https:\/\/psychomotive.be\/WP\/wp-json\/wp\/v2\/pages\/378","targetHints":{"allow":["GET"]}}],"collection":[{"href":"https:\/\/psychomotive.be\/WP\/wp-json\/wp\/v2\/pages"}],"about":[{"href":"https:\/\/psychomotive.be\/WP\/wp-json\/wp\/v2\/types\/page"}],"author":[{"embeddable":true,"href":"https:\/\/psychomotive.be\/WP\/wp-json\/wp\/v2\/users\/1"}],"replies":[{"embeddable":true,"href":"https:\/\/psychomotive.be\/WP\/wp-json\/wp\/v2\/comments?post=378"}],"version-history":[{"count":12,"href":"https:\/\/psychomotive.be\/WP\/wp-json\/wp\/v2\/pages\/378\/revisions"}],"predecessor-version":[{"id":615,"href":"https:\/\/psychomotive.be\/WP\/wp-json\/wp\/v2\/pages\/378\/revisions\/615"}],"wp:attachment":[{"href":"https:\/\/psychomotive.be\/WP\/wp-json\/wp\/v2\/media?parent=378"}],"curies":[{"name":"wp","href":"https:\/\/api.w.org\/{rel}","templated":true}]}}