{"id":268,"date":"2020-10-03T22:14:58","date_gmt":"2020-10-03T20:14:58","guid":{"rendered":"http:\/\/psychomotive.be\/WP\/?page_id=268"},"modified":"2023-12-14T00:52:27","modified_gmt":"2023-12-13T23:52:27","slug":"laetitia-lawarree","status":"publish","type":"page","link":"https:\/\/psychomotive.be\/WP\/qui-sommes-nous\/laetitia-lawarree\/","title":{"rendered":"Laetitia Lawarr\u00e9e"},"content":{"rendered":"\t\t<div data-elementor-type=\"wp-page\" data-elementor-id=\"268\" class=\"elementor elementor-268\">\n\t\t\t\t\t\t<div class=\"elementor-inner\">\n\t\t\t\t<div class=\"elementor-section-wrap\">\n\t\t\t\t\t\t\t\t\t<section class=\"elementor-section elementor-top-section elementor-element elementor-element-a1e0522 elementor-section-boxed elementor-section-height-default elementor-section-height-default\" data-id=\"a1e0522\" data-element_type=\"section\">\n\t\t\t\t\t\t<div class=\"elementor-container elementor-column-gap-default\">\n\t\t\t\t\t\t\t<div class=\"elementor-row\">\n\t\t\t\t\t<div class=\"elementor-column elementor-col-100 elementor-top-column elementor-element elementor-element-d19f198\" data-id=\"d19f198\" data-element_type=\"column\">\n\t\t\t<div class=\"elementor-column-wrap elementor-element-populated\">\n\t\t\t\t\t\t\t<div class=\"elementor-widget-wrap\">\n\t\t\t\t\t\t<div class=\"elementor-element elementor-element-b159178 elementor-widget elementor-widget-text-editor\" data-id=\"b159178\" data-element_type=\"widget\" data-widget_type=\"text-editor.default\">\n\t\t\t\t<div class=\"elementor-widget-container\">\n\t\t\t\t\t\t\t\t<div class=\"elementor-text-editor elementor-clearfix\">\n\t\t\t\t<p><img loading=\"lazy\" decoding=\"async\" class=\"wp-image-242 size-thumbnail alignleft\" src=\"http:\/\/psychomotive.be\/WP\/wp-content\/uploads\/2020\/10\/Laetitia-150x150.jpg\" alt=\"\" width=\"150\" height=\"150\" srcset=\"https:\/\/psychomotive.be\/WP\/wp-content\/uploads\/2020\/10\/Laetitia-150x150.jpg 150w, https:\/\/psychomotive.be\/WP\/wp-content\/uploads\/2020\/10\/Laetitia-300x300.jpg 300w, https:\/\/psychomotive.be\/WP\/wp-content\/uploads\/2020\/10\/Laetitia-768x769.jpg 768w, https:\/\/psychomotive.be\/WP\/wp-content\/uploads\/2020\/10\/Laetitia.jpg 799w\" sizes=\"auto, (max-width: 150px) 100vw, 150px\" \/><\/p>\n<h2 style=\"text-align: center;\"><span style=\"color: #5f0736;\"><strong>Laetitia Lawarr\u00e9e<\/strong><\/span><\/h2>\n<p style=\"background: white; margin: 4.5pt 0cm; text-align: center;\"><i><span lang=\"FR-BE\" style=\"font-size: 10.5pt; font-family: 'Helvetica',sans-serif; color: #1d2129;\">\u00ab Jeu apr\u00e8s Jeu l&rsquo;enfant devient Je. Le jeu construit le JE.<\/span>\u00bb<\/i><\/p>\n<p style=\"background: white; margin: 4.5pt 0cm; text-align: center;\"><i><span lang=\"FR-BE\" style=\"font-size: 10.5pt; font-family: 'Helvetica',sans-serif; color: #1d2129;\">\u00a0 \u00a0 \u00a0 \u00a0 \u00a0 \u00a0 \u00a0 \u00a0 \u00a0 \u00a0 \u00a0 \u00a0 \u00a0 \u00a0 \u00a0 \u00a0 \u00a0 \u00a0 \u00a0 \u00a0 \u00a0 \u00a0 \u00a0 \u00a0 \u00a0 \u00a0 \u00a0 \u00a0 \u00a0 \u00a0 \u00a0 \u00a0 \u00a0 \u00a0 \u00a0 \u00a0 \u00a0 \u00a0 \u00a0 \u00a0 \u00a0 \u00a0 \u00a0 \u00a0 \u00a0 \u00a0 \u00a0 \u00a0 \u00a0 \u00a0 \u00a0 \u00a0 \u00a0 \u00a0 \u00a0 \u00a0 \u00a0 \u00a0 \u00a0 \u00a0 \u00a0 \u00a0 \u00a0 \u00a0 \u00a0 \u00a0 \u00a0 \u00a0 \u00a0 \u00a0 \u00a0 \u00a0 \u00a0Claire Arnaud Gazagnes<\/span><\/i><\/p>\n<p>\u00a0<\/p>\n<p style=\"background: white; margin: 4.5pt 0cm; text-align: center;\"><i><span lang=\"FR-BE\" style=\"font-size: 10.5pt; font-family: 'Helvetica',sans-serif; color: #1d2129;\">\u00ab L&rsquo;enfant ne joue pas pour apprendre, mais apprend parce qu&rsquo;il joue.<\/span>\u00bb<\/i><\/p>\n<p style=\"background: white; margin: 4.5pt 0cm; text-align: center;\"><i><span lang=\"FR-BE\" style=\"font-size: 10.5pt; font-family: 'Helvetica',sans-serif; color: #1d2129;\">\u00a0 \u00a0 \u00a0 \u00a0 \u00a0 \u00a0 \u00a0 \u00a0 \u00a0 \u00a0 \u00a0 \u00a0 \u00a0 \u00a0 \u00a0 \u00a0 \u00a0 \u00a0 \u00a0 \u00a0 \u00a0 \u00a0 \u00a0 \u00a0 \u00a0 \u00a0 \u00a0 \u00a0 \u00a0 \u00a0 \u00a0 \u00a0 \u00a0 \u00a0 \u00a0 \u00a0 \u00a0 \u00a0 \u00a0 \u00a0 \u00a0 \u00a0 \u00a0 \u00a0 \u00a0 \u00a0 \u00a0 \u00a0 \u00a0 \u00a0 \u00a0 \u00a0 \u00a0 \u00a0 \u00a0 \u00a0 \u00a0 \u00a0 \u00a0 \u00a0 \u00a0 \u00a0 \u00a0 \u00a0 \u00a0 \u00a0 \u00a0 \u00a0 \u00a0 \u00a0 \u00a0 \u00a0 \u00a0Jean Epstein<\/span><\/i><\/p>\t\t\t\t\t<\/div>\n\t\t\t\t\t\t<\/div>\n\t\t\t\t<\/div>\n\t\t\t\t\t\t<\/div>\n\t\t\t\t\t<\/div>\n\t\t<\/div>\n\t\t\t\t\t\t\t\t<\/div>\n\t\t\t\t\t<\/div>\n\t\t<\/section>\n\t\t\t\t<section class=\"elementor-section elementor-top-section elementor-element elementor-element-350a6c18 elementor-section-full_width elementor-section-content-middle elementor-section-height-default elementor-section-height-default\" data-id=\"350a6c18\" data-element_type=\"section\" data-settings=\"{&quot;background_background&quot;:&quot;classic&quot;}\">\n\t\t\t\t\t\t<div class=\"elementor-container elementor-column-gap-default\">\n\t\t\t\t\t\t\t<div class=\"elementor-row\">\n\t\t\t\t\t<div class=\"elementor-column elementor-col-100 elementor-top-column elementor-element elementor-element-7b3e3418\" data-id=\"7b3e3418\" data-element_type=\"column\">\n\t\t\t<div class=\"elementor-column-wrap elementor-element-populated\">\n\t\t\t\t\t\t\t<div class=\"elementor-widget-wrap\">\n\t\t\t\t\t\t<div class=\"elementor-element elementor-element-4d5779e elementor-widget elementor-widget-text-editor\" data-id=\"4d5779e\" data-element_type=\"widget\" data-widget_type=\"text-editor.default\">\n\t\t\t\t<div class=\"elementor-widget-container\">\n\t\t\t\t\t\t\t\t<div class=\"elementor-text-editor elementor-clearfix\">\n\t\t\t\t<p><!-- wp:image {\"id\":242,\"width\":188,\"height\":187,\"sizeSlug\":\"large\"} --><\/p>\n<figure><\/figure>\n<h6 style=\"text-align: center;\">Laetitia Lawarr\u00e9e intervient dans les s\u00e9ances de Psychomotricit\u00e9 Educative :<\/h6>\n<h6 style=\"text-align: center;\"><a href=\"http:\/\/psychomotive.be\/WP\/services\/activites-en-groupe\/\"><span style=\"text-decoration: underline; color: #5f0736;\">\u00ab\u00a0Le YouplaBuBum\u00a0\u00bb<\/span><\/a> pour le plus grand plaisir des petits!<\/h6>\n<h6 style=\"text-align: center;\">\u00a0<\/h6>\n<p>\u00a0<\/p>\n<p>\u00a0<\/p>\n<p><!-- \/wp:paragraph --><!-- wp:paragraph --><\/p>\n<p>Elle a suivi une formation d&rsquo;assistante en psychologie \u00e0 l\u2019Institut Libre Marie Haps \u00e0 Bruxelles, avec une orientation en psychop\u00e9dagogie et psychomotricit\u00e9.<\/p>\n<p>\u00a0<\/p>\n<p>\u00a0<\/p>\n<p><!-- \/wp:paragraph --><!-- wp:paragraph --><\/p>\n<p>Form\u00e9e notamment aux suivis psychop\u00e9dagogiques d\u2019enfants en difficult\u00e9s sur le plan du d\u00e9veloppement global, elle a aiguis\u00e9 son sens de l&rsquo;observation et cela lui sert dans l&rsquo;accompagnement des petits lors des s\u00e9ances de psychomotricit\u00e9 en petits groupes.\u00a0<\/p>\n<p>\u00a0<\/p>\n<p><!-- \/wp:paragraph --><!-- wp:paragraph --><\/p>\n<p>Ses exp\u00e9riences professionnelles l\u2019ont amen\u00e9e autrefois \u00e0 d\u00e9velopper de l\u2019exp\u00e9rience dans un service d\u2019aide pr\u00e9coce par un projet de prise en charge de familles \u00abd\u00e9favoris\u00e9es\u00bb sur les plans psycho-socio-\u00e9conomiques ayant un enfant souffrant d\u2019un retard de d\u00e9veloppement et\/ou d&rsquo;une d\u00e9ficience intellectuelle d\u2019origine g\u00e9n\u00e9tique ou p\u00e9rinatale. \u00a0<\/p>\n<p><!-- \/wp:paragraph --><!-- wp:paragraph --><\/p>\n<p>Actuellement et depuis 14 ans, elle travaille dans un centre de la r\u00e9gion qui accueille des personnes adultes porteuses d\u2019une d\u00e9ficience intellectuelle souvent associ\u00e9e \u00e0 d\u2019autres troubles. Elle s&rsquo;est engag\u00e9e dans la formation continue notamment en ce qui concerne la vie affective, relationnelle et sexuelle, le vieillissement pr\u00e9coce et pathologique des personnes en situation de d\u00e9ficience intellectuelle, ainsi qu&rsquo;au support au langage verbal appel\u00e9 \u00ab\u00a0S\u00e9same\u00a0\u00bb.<\/p>\n<p>\u00a0<\/p>\n<p>Autrefois responsable de la coordination du foyer d&rsquo;h\u00e9bergement du centre o\u00f9 elle travaille, Laetitia se consacre aujourd&rsquo;hui enti\u00e8rement \u00e0 la coordination des soins, des suivis m\u00e9dicaux et param\u00e9dicaux ainsi qu\u2019\u00e0 l\u2019encadrement et \u00e0 la formation des volontaires internationaux.<\/p>\n<h6 style=\"text-align: center;\"><strong>Lieu de l&rsquo;activit\u00e9<\/strong><strong>\u00a0<\/strong><\/h6>\n<p>\u00a0<\/p>\n<p style=\"text-align: center;\">ASBL Psychomotive, Rue de Beaufays n\u00b020 \u00e0 4140 Sprimont<\/p>\n<h6>\u00a0<\/h6>\n<h6 style=\"text-align: center;\">Quand?<\/h6>\n<p>\u00a0<\/p>\n<p style=\"text-align: center;\">Les samedis matins d&rsquo;octobre \u00e0 fin juin (inscription par trimestres)<\/p>\n<p>\u00a0<\/p>\n<h6 style=\"text-align: center;\"><strong>Contact<\/strong><\/h6>\n<p>\u00a0<\/p>\n<p style=\"text-align: center;\">0485\/75.19.94<\/p>\n<p style=\"text-align: center;\"><a href=\"mailto:laetitia.lawarree@psychomotive.be\" target=\"_blank\" rel=\"noopener\"><span style=\"text-decoration: underline; color: #5f0736;\">laetitia.lawarree@psychomotive.be<\/span><\/a><\/p>\n<p><!-- \/wp:paragraph --><\/p>\t\t\t\t\t<\/div>\n\t\t\t\t\t\t<\/div>\n\t\t\t\t<\/div>\n\t\t\t\t\t\t<\/div>\n\t\t\t\t\t<\/div>\n\t\t<\/div>\n\t\t\t\t\t\t\t\t<\/div>\n\t\t\t\t\t<\/div>\n\t\t<\/section>\n\t\t\t\t<section class=\"elementor-section elementor-top-section elementor-element elementor-element-3230bb3 elementor-section-boxed elementor-section-height-default elementor-section-height-default\" data-id=\"3230bb3\" data-element_type=\"section\">\n\t\t\t\t\t\t<div class=\"elementor-container elementor-column-gap-default\">\n\t\t\t\t\t\t\t<div class=\"elementor-row\">\n\t\t\t\t\t<div class=\"elementor-column elementor-col-100 elementor-top-column elementor-element elementor-element-1c31ad5\" data-id=\"1c31ad5\" data-element_type=\"column\">\n\t\t\t<div class=\"elementor-column-wrap elementor-element-populated\">\n\t\t\t\t\t\t\t<div class=\"elementor-widget-wrap\">\n\t\t\t\t\t\t<div class=\"elementor-element elementor-element-57b6e2f elementor-widget elementor-widget-text-editor\" data-id=\"57b6e2f\" data-element_type=\"widget\" data-widget_type=\"text-editor.default\">\n\t\t\t\t<div class=\"elementor-widget-container\">\n\t\t\t\t\t\t\t\t<div class=\"elementor-text-editor elementor-clearfix\">\n\t\t\t\t<p style=\"text-align: center;\"><span style=\"text-decoration: underline;\"><span style=\"color: #5f0736;\"><a style=\"color: #5f0736;\" href=\"http:\/\/psychomotive.be\/WP\/services\/activites-en-groupe\/youplabubum\/\"><strong>Youplabubum ?<\/strong><\/a><\/span><\/span><\/p>\t\t\t\t\t<\/div>\n\t\t\t\t\t\t<\/div>\n\t\t\t\t<\/div>\n\t\t\t\t\t\t<\/div>\n\t\t\t\t\t<\/div>\n\t\t<\/div>\n\t\t\t\t\t\t\t\t<\/div>\n\t\t\t\t\t<\/div>\n\t\t<\/section>\n\t\t\t\t\t\t\t\t\t<\/div>\n\t\t\t<\/div>\n\t\t\t\t\t<\/div>\n\t\t","protected":false},"excerpt":{"rendered":"<p>Laetitia Lawarr\u00e9e \u00ab Jeu apr\u00e8s Jeu l&rsquo;enfant devient Je. Le jeu construit le JE.\u00bb \u00a0 \u00a0 \u00a0 \u00a0 \u00a0 \u00a0 \u00a0 \u00a0 \u00a0 \u00a0 \u00a0 \u00a0 \u00a0 \u00a0 \u00a0 \u00a0 \u00a0 \u00a0 \u00a0 \u00a0 \u00a0 \u00a0 \u00a0 \u00a0 \u00a0 \u00a0 \u00a0 \u00a0 \u00a0 \u00a0 \u00a0 \u00a0 \u00a0 \u00a0 \u00a0 \u00a0 \u00a0 \u00a0 \u00a0 \u00a0 \u00a0 [&hellip;]<\/p>\n","protected":false},"author":1,"featured_media":0,"parent":86,"menu_order":0,"comment_status":"closed","ping_status":"closed","template":"templates\/template_page-full-width.php","meta":{"footnotes":""},"class_list":["post-268","page","type-page","status-publish","hentry"],"yoast_head":"<!-- This site is optimized with the Yoast SEO plugin v18.1 - https:\/\/yoast.com\/wordpress\/plugins\/seo\/ -->\n<title>Laetitia Lawarr\u00e9e - Psychomotive<\/title>\n<meta name=\"robots\" content=\"index, follow, max-snippet:-1, max-image-preview:large, max-video-preview:-1\" \/>\n<link rel=\"canonical\" href=\"https:\/\/psychomotive.be\/WP\/qui-sommes-nous\/laetitia-lawarree\/\" \/>\n<meta property=\"og:locale\" content=\"fr_FR\" \/>\n<meta property=\"og:type\" content=\"article\" \/>\n<meta property=\"og:title\" content=\"Laetitia Lawarr\u00e9e - Psychomotive\" \/>\n<meta property=\"og:description\" content=\"Laetitia Lawarr\u00e9e \u00ab Jeu apr\u00e8s Jeu l&rsquo;enfant devient Je. Le jeu construit le JE.\u00bb \u00a0 \u00a0 \u00a0 \u00a0 \u00a0 \u00a0 \u00a0 \u00a0 \u00a0 \u00a0 \u00a0 \u00a0 \u00a0 \u00a0 \u00a0 \u00a0 \u00a0 \u00a0 \u00a0 \u00a0 \u00a0 \u00a0 \u00a0 \u00a0 \u00a0 \u00a0 \u00a0 \u00a0 \u00a0 \u00a0 \u00a0 \u00a0 \u00a0 \u00a0 \u00a0 \u00a0 \u00a0 \u00a0 \u00a0 \u00a0 \u00a0 [&hellip;]\" \/>\n<meta property=\"og:url\" content=\"https:\/\/psychomotive.be\/WP\/qui-sommes-nous\/laetitia-lawarree\/\" \/>\n<meta property=\"og:site_name\" content=\"Psychomotive\" \/>\n<meta property=\"article:publisher\" content=\"https:\/\/www.facebook.com\/Psychomotive-1345472448800391\/\" \/>\n<meta property=\"article:modified_time\" content=\"2023-12-13T23:52:27+00:00\" \/>\n<meta property=\"og:image\" content=\"http:\/\/psychomotive.be\/WP\/wp-content\/uploads\/2020\/10\/Laetitia-150x150.jpg\" \/>\n<meta name=\"twitter:card\" content=\"summary_large_image\" \/>\n<meta name=\"twitter:label1\" content=\"Dur\u00e9e de lecture estim\u00e9e\" \/>\n\t<meta name=\"twitter:data1\" content=\"3 minutes\" \/>\n<script type=\"application\/ld+json\" class=\"yoast-schema-graph\">{\"@context\":\"https:\/\/schema.org\",\"@graph\":[{\"@type\":\"WebSite\",\"@id\":\"https:\/\/psychomotive.be\/WP\/#website\",\"url\":\"https:\/\/psychomotive.be\/WP\/\",\"name\":\"Psychomotive\",\"description\":\"\",\"potentialAction\":[{\"@type\":\"SearchAction\",\"target\":{\"@type\":\"EntryPoint\",\"urlTemplate\":\"https:\/\/psychomotive.be\/WP\/?s={search_term_string}\"},\"query-input\":\"required name=search_term_string\"}],\"inLanguage\":\"fr-FR\"},{\"@type\":\"ImageObject\",\"@id\":\"https:\/\/psychomotive.be\/WP\/qui-sommes-nous\/laetitia-lawarree\/#primaryimage\",\"inLanguage\":\"fr-FR\",\"url\":\"http:\/\/psychomotive.be\/WP\/wp-content\/uploads\/2020\/10\/Laetitia-150x150.jpg\",\"contentUrl\":\"http:\/\/psychomotive.be\/WP\/wp-content\/uploads\/2020\/10\/Laetitia-150x150.jpg\"},{\"@type\":\"WebPage\",\"@id\":\"https:\/\/psychomotive.be\/WP\/qui-sommes-nous\/laetitia-lawarree\/#webpage\",\"url\":\"https:\/\/psychomotive.be\/WP\/qui-sommes-nous\/laetitia-lawarree\/\",\"name\":\"Laetitia Lawarr\u00e9e - Psychomotive\",\"isPartOf\":{\"@id\":\"https:\/\/psychomotive.be\/WP\/#website\"},\"primaryImageOfPage\":{\"@id\":\"https:\/\/psychomotive.be\/WP\/qui-sommes-nous\/laetitia-lawarree\/#primaryimage\"},\"datePublished\":\"2020-10-03T20:14:58+00:00\",\"dateModified\":\"2023-12-13T23:52:27+00:00\",\"breadcrumb\":{\"@id\":\"https:\/\/psychomotive.be\/WP\/qui-sommes-nous\/laetitia-lawarree\/#breadcrumb\"},\"inLanguage\":\"fr-FR\",\"potentialAction\":[{\"@type\":\"ReadAction\",\"target\":[\"https:\/\/psychomotive.be\/WP\/qui-sommes-nous\/laetitia-lawarree\/\"]}]},{\"@type\":\"BreadcrumbList\",\"@id\":\"https:\/\/psychomotive.be\/WP\/qui-sommes-nous\/laetitia-lawarree\/#breadcrumb\",\"itemListElement\":[{\"@type\":\"ListItem\",\"position\":1,\"name\":\"Accueil\",\"item\":\"https:\/\/psychomotive.be\/WP\/\"},{\"@type\":\"ListItem\",\"position\":2,\"name\":\"Qui sommes-nous ?\",\"item\":\"http:\/\/psychomotive.be\/WP\/qui-sommes-nous\/\"},{\"@type\":\"ListItem\",\"position\":3,\"name\":\"Laetitia Lawarr\u00e9e\"}]}]}<\/script>\n<!-- \/ Yoast SEO plugin. -->","yoast_head_json":{"title":"Laetitia Lawarr\u00e9e - Psychomotive","robots":{"index":"index","follow":"follow","max-snippet":"max-snippet:-1","max-image-preview":"max-image-preview:large","max-video-preview":"max-video-preview:-1"},"canonical":"https:\/\/psychomotive.be\/WP\/qui-sommes-nous\/laetitia-lawarree\/","og_locale":"fr_FR","og_type":"article","og_title":"Laetitia Lawarr\u00e9e - Psychomotive","og_description":"Laetitia Lawarr\u00e9e \u00ab Jeu apr\u00e8s Jeu l&rsquo;enfant devient Je. Le jeu construit le JE.\u00bb \u00a0 \u00a0 \u00a0 \u00a0 \u00a0 \u00a0 \u00a0 \u00a0 \u00a0 \u00a0 \u00a0 \u00a0 \u00a0 \u00a0 \u00a0 \u00a0 \u00a0 \u00a0 \u00a0 \u00a0 \u00a0 \u00a0 \u00a0 \u00a0 \u00a0 \u00a0 \u00a0 \u00a0 \u00a0 \u00a0 \u00a0 \u00a0 \u00a0 \u00a0 \u00a0 \u00a0 \u00a0 \u00a0 \u00a0 \u00a0 \u00a0 [&hellip;]","og_url":"https:\/\/psychomotive.be\/WP\/qui-sommes-nous\/laetitia-lawarree\/","og_site_name":"Psychomotive","article_publisher":"https:\/\/www.facebook.com\/Psychomotive-1345472448800391\/","article_modified_time":"2023-12-13T23:52:27+00:00","og_image":[{"url":"http:\/\/psychomotive.be\/WP\/wp-content\/uploads\/2020\/10\/Laetitia-150x150.jpg"}],"twitter_card":"summary_large_image","twitter_misc":{"Dur\u00e9e de lecture estim\u00e9e":"3 minutes"},"schema":{"@context":"https:\/\/schema.org","@graph":[{"@type":"WebSite","@id":"https:\/\/psychomotive.be\/WP\/#website","url":"https:\/\/psychomotive.be\/WP\/","name":"Psychomotive","description":"","potentialAction":[{"@type":"SearchAction","target":{"@type":"EntryPoint","urlTemplate":"https:\/\/psychomotive.be\/WP\/?s={search_term_string}"},"query-input":"required name=search_term_string"}],"inLanguage":"fr-FR"},{"@type":"ImageObject","@id":"https:\/\/psychomotive.be\/WP\/qui-sommes-nous\/laetitia-lawarree\/#primaryimage","inLanguage":"fr-FR","url":"http:\/\/psychomotive.be\/WP\/wp-content\/uploads\/2020\/10\/Laetitia-150x150.jpg","contentUrl":"http:\/\/psychomotive.be\/WP\/wp-content\/uploads\/2020\/10\/Laetitia-150x150.jpg"},{"@type":"WebPage","@id":"https:\/\/psychomotive.be\/WP\/qui-sommes-nous\/laetitia-lawarree\/#webpage","url":"https:\/\/psychomotive.be\/WP\/qui-sommes-nous\/laetitia-lawarree\/","name":"Laetitia Lawarr\u00e9e - Psychomotive","isPartOf":{"@id":"https:\/\/psychomotive.be\/WP\/#website"},"primaryImageOfPage":{"@id":"https:\/\/psychomotive.be\/WP\/qui-sommes-nous\/laetitia-lawarree\/#primaryimage"},"datePublished":"2020-10-03T20:14:58+00:00","dateModified":"2023-12-13T23:52:27+00:00","breadcrumb":{"@id":"https:\/\/psychomotive.be\/WP\/qui-sommes-nous\/laetitia-lawarree\/#breadcrumb"},"inLanguage":"fr-FR","potentialAction":[{"@type":"ReadAction","target":["https:\/\/psychomotive.be\/WP\/qui-sommes-nous\/laetitia-lawarree\/"]}]},{"@type":"BreadcrumbList","@id":"https:\/\/psychomotive.be\/WP\/qui-sommes-nous\/laetitia-lawarree\/#breadcrumb","itemListElement":[{"@type":"ListItem","position":1,"name":"Accueil","item":"https:\/\/psychomotive.be\/WP\/"},{"@type":"ListItem","position":2,"name":"Qui sommes-nous ?","item":"http:\/\/psychomotive.be\/WP\/qui-sommes-nous\/"},{"@type":"ListItem","position":3,"name":"Laetitia Lawarr\u00e9e"}]}]}},"_links":{"self":[{"href":"https:\/\/psychomotive.be\/WP\/wp-json\/wp\/v2\/pages\/268","targetHints":{"allow":["GET"]}}],"collection":[{"href":"https:\/\/psychomotive.be\/WP\/wp-json\/wp\/v2\/pages"}],"about":[{"href":"https:\/\/psychomotive.be\/WP\/wp-json\/wp\/v2\/types\/page"}],"author":[{"embeddable":true,"href":"https:\/\/psychomotive.be\/WP\/wp-json\/wp\/v2\/users\/1"}],"replies":[{"embeddable":true,"href":"https:\/\/psychomotive.be\/WP\/wp-json\/wp\/v2\/comments?post=268"}],"version-history":[{"count":28,"href":"https:\/\/psychomotive.be\/WP\/wp-json\/wp\/v2\/pages\/268\/revisions"}],"predecessor-version":[{"id":1105,"href":"https:\/\/psychomotive.be\/WP\/wp-json\/wp\/v2\/pages\/268\/revisions\/1105"}],"up":[{"embeddable":true,"href":"https:\/\/psychomotive.be\/WP\/wp-json\/wp\/v2\/pages\/86"}],"wp:attachment":[{"href":"https:\/\/psychomotive.be\/WP\/wp-json\/wp\/v2\/media?parent=268"}],"curies":[{"name":"wp","href":"https:\/\/api.w.org\/{rel}","templated":true}]}}