{"id":183,"date":"2020-09-28T23:02:19","date_gmt":"2020-09-28T21:02:19","guid":{"rendered":"http:\/\/psychomotive.be\/WP\/?page_id=183"},"modified":"2021-12-03T11:10:45","modified_gmt":"2021-12-03T10:10:45","slug":"services","status":"publish","type":"page","link":"https:\/\/psychomotive.be\/WP\/services\/","title":{"rendered":"Services"},"content":{"rendered":"\t\t<div data-elementor-type=\"wp-page\" data-elementor-id=\"183\" class=\"elementor elementor-183\">\n\t\t\t\t\t\t<div class=\"elementor-inner\">\n\t\t\t\t<div class=\"elementor-section-wrap\">\n\t\t\t\t\t\t\t\t\t<section class=\"elementor-section elementor-top-section elementor-element elementor-element-a245c1b elementor-section-boxed elementor-section-height-default elementor-section-height-default\" data-id=\"a245c1b\" data-element_type=\"section\">\n\t\t\t\t\t\t<div class=\"elementor-container elementor-column-gap-default\">\n\t\t\t\t\t\t\t<div class=\"elementor-row\">\n\t\t\t\t\t<div class=\"elementor-column elementor-col-100 elementor-top-column elementor-element elementor-element-29e642f\" data-id=\"29e642f\" data-element_type=\"column\">\n\t\t\t<div class=\"elementor-column-wrap elementor-element-populated\">\n\t\t\t\t\t\t\t<div class=\"elementor-widget-wrap\">\n\t\t\t\t\t\t<div class=\"elementor-element elementor-element-78e35de elementor-widget elementor-widget-text-editor\" data-id=\"78e35de\" data-element_type=\"widget\" data-widget_type=\"text-editor.default\">\n\t\t\t\t<div class=\"elementor-widget-container\">\n\t\t\t\t\t\t\t\t<div class=\"elementor-text-editor elementor-clearfix\">\n\t\t\t\t<h2 style=\"text-align: center;\"><span style=\"color: #5f0736;\">Nos Services<\/span><\/h2>\t\t\t\t\t<\/div>\n\t\t\t\t\t\t<\/div>\n\t\t\t\t<\/div>\n\t\t\t\t\t\t<\/div>\n\t\t\t\t\t<\/div>\n\t\t<\/div>\n\t\t\t\t\t\t\t\t<\/div>\n\t\t\t\t\t<\/div>\n\t\t<\/section>\n\t\t\t\t<section class=\"elementor-section elementor-top-section elementor-element elementor-element-5ec4fa1 elementor-section-boxed elementor-section-height-default elementor-section-height-default\" data-id=\"5ec4fa1\" data-element_type=\"section\">\n\t\t\t\t\t\t<div class=\"elementor-container elementor-column-gap-default\">\n\t\t\t\t\t\t\t<div class=\"elementor-row\">\n\t\t\t\t\t<div class=\"elementor-column elementor-col-100 elementor-top-column elementor-element elementor-element-43b76ae\" data-id=\"43b76ae\" data-element_type=\"column\">\n\t\t\t<div class=\"elementor-column-wrap elementor-element-populated\">\n\t\t\t\t\t\t\t<div class=\"elementor-widget-wrap\">\n\t\t\t\t\t\t<div class=\"elementor-element elementor-element-a57bb37 elementor-widget elementor-widget-text-editor\" data-id=\"a57bb37\" data-element_type=\"widget\" data-widget_type=\"text-editor.default\">\n\t\t\t\t<div class=\"elementor-widget-container\">\n\t\t\t\t\t\t\t\t<div class=\"elementor-text-editor elementor-clearfix\">\n\t\t\t\t<p>Psychomotive\u00a0 propose des activit\u00e9s d\u2019aide au d\u00e9veloppement, des propositions d\u2019aide r\u00e9-\u00e9ducative et th\u00e9rapeutique, ainsi que du soutien \u00e0 la parentalit\u00e9.<\/p><p>Ces activit\u00e9s s\u2019adressent \u00e0 tous les enfants, ayant des \u00ab besoins sp\u00e9cifiques \u00bb ou non, ainsi qu\u2019\u00e0 leur famille.<\/p><p>Notre Projet se veut \u00eatre \u00ab\u00a0ouvert\u00a0\u00bb et \u00ab\u00a0porteur\u00a0\u00bb \u00e0 l&rsquo;ext\u00e9rieur de ses murs. Il doit permettre aux enfants et \u00e0 leurs familles d\u2019\u00e9voluer, de d\u00e9velopper une r\u00e9silience, et partager ainsi \u00e0 leur tour leurs forces et leurs acquis aux autres.<\/p><p>Nous pensons en effet, que le d\u00e9veloppement durable humain passe par une \u00e9ducation permanente d&rsquo;un \u00ab\u00a0soi\u00a0\u00bb en d\u00e9veloppement et en rapport avec le monde dans lequel on interagi.<\/p><p>Mieux vivre en harmonie avec soi-m\u00eame et avec sa famille est porteur pour les g\u00e9n\u00e9rations \u00e0 venir qui seront elles-m\u00eames plus \u00e9panouies et \u00e0 m\u00eame de mieux r\u00e9pondre \u00e0 leurs propres besoins et \u00e0 ceux de leurs familles.<\/p>\t\t\t\t\t<\/div>\n\t\t\t\t\t\t<\/div>\n\t\t\t\t<\/div>\n\t\t\t\t\t\t<\/div>\n\t\t\t\t\t<\/div>\n\t\t<\/div>\n\t\t\t\t\t\t\t\t<\/div>\n\t\t\t\t\t<\/div>\n\t\t<\/section>\n\t\t\t\t<section class=\"elementor-section elementor-top-section elementor-element elementor-element-5110bae elementor-section-boxed elementor-section-height-default elementor-section-height-default\" data-id=\"5110bae\" data-element_type=\"section\">\n\t\t\t\t\t\t<div class=\"elementor-container elementor-column-gap-default\">\n\t\t\t\t\t\t\t<div class=\"elementor-row\">\n\t\t\t\t\t<div class=\"elementor-column elementor-col-50 elementor-top-column elementor-element elementor-element-72eb249\" data-id=\"72eb249\" data-element_type=\"column\">\n\t\t\t<div class=\"elementor-column-wrap elementor-element-populated\">\n\t\t\t\t\t\t\t<div class=\"elementor-widget-wrap\">\n\t\t\t\t\t\t<div class=\"elementor-element elementor-element-c968278 elementor-widget elementor-widget-text-editor\" data-id=\"c968278\" data-element_type=\"widget\" data-widget_type=\"text-editor.default\">\n\t\t\t\t<div class=\"elementor-widget-container\">\n\t\t\t\t\t\t\t\t<div class=\"elementor-text-editor elementor-clearfix\">\n\t\t\t\t<p style=\"text-align: center;\"><strong>Les activit\u00e9s en groupe<\/strong><\/p>\t\t\t\t\t<\/div>\n\t\t\t\t\t\t<\/div>\n\t\t\t\t<\/div>\n\t\t\t\t<div class=\"elementor-element elementor-element-f69cbc2 elementor-widget elementor-widget-image\" data-id=\"f69cbc2\" data-element_type=\"widget\" data-widget_type=\"image.default\">\n\t\t\t\t<div class=\"elementor-widget-container\">\n\t\t\t\t\t\t\t\t<div class=\"elementor-image\">\n\t\t\t\t\t\t\t\t\t\t\t\t\t<a href=\"http:\/\/psychomotive.be\/WP\/services\/activites-en-groupe\/\">\n\t\t\t\t\t\t\t<img loading=\"lazy\" decoding=\"async\" width=\"400\" height=\"300\" src=\"https:\/\/psychomotive.be\/WP\/wp-content\/uploads\/2020\/10\/Mini-groupe.jpg\" class=\"elementor-animation-hang attachment-full size-full wp-image-528\" alt=\"\" srcset=\"https:\/\/psychomotive.be\/WP\/wp-content\/uploads\/2020\/10\/Mini-groupe.jpg 400w, https:\/\/psychomotive.be\/WP\/wp-content\/uploads\/2020\/10\/Mini-groupe-300x225.jpg 300w\" sizes=\"auto, (max-width: 400px) 100vw, 400px\" \/>\t\t\t\t\t\t\t\t<\/a>\n\t\t\t\t\t\t\t\t\t\t\t\t\t\t<\/div>\n\t\t\t\t\t\t<\/div>\n\t\t\t\t<\/div>\n\t\t\t\t\t\t<\/div>\n\t\t\t\t\t<\/div>\n\t\t<\/div>\n\t\t\t\t<div class=\"elementor-column elementor-col-50 elementor-top-column elementor-element elementor-element-9076d96\" data-id=\"9076d96\" data-element_type=\"column\">\n\t\t\t<div class=\"elementor-column-wrap elementor-element-populated\">\n\t\t\t\t\t\t\t<div class=\"elementor-widget-wrap\">\n\t\t\t\t\t\t<div class=\"elementor-element elementor-element-ad7397b elementor-widget elementor-widget-text-editor\" data-id=\"ad7397b\" data-element_type=\"widget\" data-widget_type=\"text-editor.default\">\n\t\t\t\t<div class=\"elementor-widget-container\">\n\t\t\t\t\t\t\t\t<div class=\"elementor-text-editor elementor-clearfix\">\n\t\t\t\t<p style=\"text-align: center;\"><strong>Les suivis individuels<\/strong><\/p>\t\t\t\t\t<\/div>\n\t\t\t\t\t\t<\/div>\n\t\t\t\t<\/div>\n\t\t\t\t<div class=\"elementor-element elementor-element-a0305fc elementor-widget elementor-widget-image\" data-id=\"a0305fc\" data-element_type=\"widget\" data-widget_type=\"image.default\">\n\t\t\t\t<div class=\"elementor-widget-container\">\n\t\t\t\t\t\t\t\t<div class=\"elementor-image\">\n\t\t\t\t\t\t\t\t\t\t\t\t\t<a href=\"http:\/\/psychomotive.be\/WP\/services\/suivis-individuels\/\">\n\t\t\t\t\t\t\t<img loading=\"lazy\" decoding=\"async\" width=\"400\" height=\"300\" src=\"https:\/\/psychomotive.be\/WP\/wp-content\/uploads\/2020\/10\/indiv-mini.jpg\" class=\"elementor-animation-hang attachment-large size-large wp-image-536\" alt=\"\" srcset=\"https:\/\/psychomotive.be\/WP\/wp-content\/uploads\/2020\/10\/indiv-mini.jpg 400w, https:\/\/psychomotive.be\/WP\/wp-content\/uploads\/2020\/10\/indiv-mini-300x225.jpg 300w\" sizes=\"auto, (max-width: 400px) 100vw, 400px\" \/>\t\t\t\t\t\t\t\t<\/a>\n\t\t\t\t\t\t\t\t\t\t\t\t\t\t<\/div>\n\t\t\t\t\t\t<\/div>\n\t\t\t\t<\/div>\n\t\t\t\t\t\t<\/div>\n\t\t\t\t\t<\/div>\n\t\t<\/div>\n\t\t\t\t\t\t\t\t<\/div>\n\t\t\t\t\t<\/div>\n\t\t<\/section>\n\t\t\t\t\t\t\t\t\t<\/div>\n\t\t\t<\/div>\n\t\t\t\t\t<\/div>\n\t\t","protected":false},"excerpt":{"rendered":"<p>Nos Services Psychomotive&nbsp; propose des activit\u00e9s d\u2019aide au d\u00e9veloppement, des propositions d\u2019aide r\u00e9-\u00e9ducative et th\u00e9rapeutique, ainsi que du soutien \u00e0 la parentalit\u00e9. Ces activit\u00e9s s\u2019adressent \u00e0 tous les enfants, ayant des \u00ab besoins sp\u00e9cifiques \u00bb ou non, ainsi qu\u2019\u00e0 leur famille. Notre Projet se veut \u00eatre \u00ab\u00a0ouvert\u00a0\u00bb et \u00ab\u00a0porteur\u00a0\u00bb \u00e0 l&rsquo;ext\u00e9rieur de ses murs. Il [&hellip;]<\/p>\n","protected":false},"author":1,"featured_media":0,"parent":0,"menu_order":0,"comment_status":"closed","ping_status":"closed","template":"templates\/template_page-full-width.php","meta":{"footnotes":""},"class_list":["post-183","page","type-page","status-publish","hentry"],"yoast_head":"<!-- This site is optimized with the Yoast SEO plugin v18.1 - https:\/\/yoast.com\/wordpress\/plugins\/seo\/ -->\n<title>Services - Psychomotive<\/title>\n<meta name=\"robots\" content=\"index, follow, max-snippet:-1, max-image-preview:large, max-video-preview:-1\" \/>\n<link rel=\"canonical\" href=\"http:\/\/psychomotive.be\/WP\/services\/\" \/>\n<meta property=\"og:locale\" content=\"fr_FR\" \/>\n<meta property=\"og:type\" content=\"article\" \/>\n<meta property=\"og:title\" content=\"Services - Psychomotive\" \/>\n<meta property=\"og:description\" content=\"Nos Services Psychomotive&nbsp; propose des activit\u00e9s d\u2019aide au d\u00e9veloppement, des propositions d\u2019aide r\u00e9-\u00e9ducative et th\u00e9rapeutique, ainsi que du soutien \u00e0 la parentalit\u00e9. Ces activit\u00e9s s\u2019adressent \u00e0 tous les enfants, ayant des \u00ab besoins sp\u00e9cifiques \u00bb ou non, ainsi qu\u2019\u00e0 leur famille. Notre Projet se veut \u00eatre \u00ab\u00a0ouvert\u00a0\u00bb et \u00ab\u00a0porteur\u00a0\u00bb \u00e0 l&rsquo;ext\u00e9rieur de ses murs. Il [&hellip;]\" \/>\n<meta property=\"og:url\" content=\"http:\/\/psychomotive.be\/WP\/services\/\" \/>\n<meta property=\"og:site_name\" content=\"Psychomotive\" \/>\n<meta property=\"article:publisher\" content=\"https:\/\/www.facebook.com\/Psychomotive-1345472448800391\/\" \/>\n<meta property=\"article:modified_time\" content=\"2021-12-03T10:10:45+00:00\" \/>\n<meta property=\"og:image\" content=\"http:\/\/psychomotive.be\/WP\/wp-content\/uploads\/2020\/10\/Mini-groupe.jpg\" \/>\n<meta name=\"twitter:card\" content=\"summary_large_image\" \/>\n<meta name=\"twitter:label1\" content=\"Dur\u00e9e de lecture estim\u00e9e\" \/>\n\t<meta name=\"twitter:data1\" content=\"1 minute\" \/>\n<script type=\"application\/ld+json\" class=\"yoast-schema-graph\">{\"@context\":\"https:\/\/schema.org\",\"@graph\":[{\"@type\":\"WebSite\",\"@id\":\"https:\/\/psychomotive.be\/WP\/#website\",\"url\":\"https:\/\/psychomotive.be\/WP\/\",\"name\":\"Psychomotive\",\"description\":\"\",\"potentialAction\":[{\"@type\":\"SearchAction\",\"target\":{\"@type\":\"EntryPoint\",\"urlTemplate\":\"https:\/\/psychomotive.be\/WP\/?s={search_term_string}\"},\"query-input\":\"required name=search_term_string\"}],\"inLanguage\":\"fr-FR\"},{\"@type\":\"ImageObject\",\"@id\":\"http:\/\/psychomotive.be\/WP\/services\/#primaryimage\",\"inLanguage\":\"fr-FR\",\"url\":\"http:\/\/psychomotive.be\/WP\/wp-content\/uploads\/2020\/10\/Mini-groupe.jpg\",\"contentUrl\":\"http:\/\/psychomotive.be\/WP\/wp-content\/uploads\/2020\/10\/Mini-groupe.jpg\"},{\"@type\":\"WebPage\",\"@id\":\"http:\/\/psychomotive.be\/WP\/services\/#webpage\",\"url\":\"http:\/\/psychomotive.be\/WP\/services\/\",\"name\":\"Services - Psychomotive\",\"isPartOf\":{\"@id\":\"https:\/\/psychomotive.be\/WP\/#website\"},\"primaryImageOfPage\":{\"@id\":\"http:\/\/psychomotive.be\/WP\/services\/#primaryimage\"},\"datePublished\":\"2020-09-28T21:02:19+00:00\",\"dateModified\":\"2021-12-03T10:10:45+00:00\",\"breadcrumb\":{\"@id\":\"http:\/\/psychomotive.be\/WP\/services\/#breadcrumb\"},\"inLanguage\":\"fr-FR\",\"potentialAction\":[{\"@type\":\"ReadAction\",\"target\":[\"http:\/\/psychomotive.be\/WP\/services\/\"]}]},{\"@type\":\"BreadcrumbList\",\"@id\":\"http:\/\/psychomotive.be\/WP\/services\/#breadcrumb\",\"itemListElement\":[{\"@type\":\"ListItem\",\"position\":1,\"name\":\"Accueil\",\"item\":\"https:\/\/psychomotive.be\/WP\/\"},{\"@type\":\"ListItem\",\"position\":2,\"name\":\"Services\"}]}]}<\/script>\n<!-- \/ Yoast SEO plugin. -->","yoast_head_json":{"title":"Services - Psychomotive","robots":{"index":"index","follow":"follow","max-snippet":"max-snippet:-1","max-image-preview":"max-image-preview:large","max-video-preview":"max-video-preview:-1"},"canonical":"http:\/\/psychomotive.be\/WP\/services\/","og_locale":"fr_FR","og_type":"article","og_title":"Services - Psychomotive","og_description":"Nos Services Psychomotive&nbsp; propose des activit\u00e9s d\u2019aide au d\u00e9veloppement, des propositions d\u2019aide r\u00e9-\u00e9ducative et th\u00e9rapeutique, ainsi que du soutien \u00e0 la parentalit\u00e9. Ces activit\u00e9s s\u2019adressent \u00e0 tous les enfants, ayant des \u00ab besoins sp\u00e9cifiques \u00bb ou non, ainsi qu\u2019\u00e0 leur famille. Notre Projet se veut \u00eatre \u00ab\u00a0ouvert\u00a0\u00bb et \u00ab\u00a0porteur\u00a0\u00bb \u00e0 l&rsquo;ext\u00e9rieur de ses murs. Il [&hellip;]","og_url":"http:\/\/psychomotive.be\/WP\/services\/","og_site_name":"Psychomotive","article_publisher":"https:\/\/www.facebook.com\/Psychomotive-1345472448800391\/","article_modified_time":"2021-12-03T10:10:45+00:00","og_image":[{"url":"http:\/\/psychomotive.be\/WP\/wp-content\/uploads\/2020\/10\/Mini-groupe.jpg"}],"twitter_card":"summary_large_image","twitter_misc":{"Dur\u00e9e de lecture estim\u00e9e":"1 minute"},"schema":{"@context":"https:\/\/schema.org","@graph":[{"@type":"WebSite","@id":"https:\/\/psychomotive.be\/WP\/#website","url":"https:\/\/psychomotive.be\/WP\/","name":"Psychomotive","description":"","potentialAction":[{"@type":"SearchAction","target":{"@type":"EntryPoint","urlTemplate":"https:\/\/psychomotive.be\/WP\/?s={search_term_string}"},"query-input":"required name=search_term_string"}],"inLanguage":"fr-FR"},{"@type":"ImageObject","@id":"http:\/\/psychomotive.be\/WP\/services\/#primaryimage","inLanguage":"fr-FR","url":"http:\/\/psychomotive.be\/WP\/wp-content\/uploads\/2020\/10\/Mini-groupe.jpg","contentUrl":"http:\/\/psychomotive.be\/WP\/wp-content\/uploads\/2020\/10\/Mini-groupe.jpg"},{"@type":"WebPage","@id":"http:\/\/psychomotive.be\/WP\/services\/#webpage","url":"http:\/\/psychomotive.be\/WP\/services\/","name":"Services - Psychomotive","isPartOf":{"@id":"https:\/\/psychomotive.be\/WP\/#website"},"primaryImageOfPage":{"@id":"http:\/\/psychomotive.be\/WP\/services\/#primaryimage"},"datePublished":"2020-09-28T21:02:19+00:00","dateModified":"2021-12-03T10:10:45+00:00","breadcrumb":{"@id":"http:\/\/psychomotive.be\/WP\/services\/#breadcrumb"},"inLanguage":"fr-FR","potentialAction":[{"@type":"ReadAction","target":["http:\/\/psychomotive.be\/WP\/services\/"]}]},{"@type":"BreadcrumbList","@id":"http:\/\/psychomotive.be\/WP\/services\/#breadcrumb","itemListElement":[{"@type":"ListItem","position":1,"name":"Accueil","item":"https:\/\/psychomotive.be\/WP\/"},{"@type":"ListItem","position":2,"name":"Services"}]}]}},"_links":{"self":[{"href":"https:\/\/psychomotive.be\/WP\/wp-json\/wp\/v2\/pages\/183","targetHints":{"allow":["GET"]}}],"collection":[{"href":"https:\/\/psychomotive.be\/WP\/wp-json\/wp\/v2\/pages"}],"about":[{"href":"https:\/\/psychomotive.be\/WP\/wp-json\/wp\/v2\/types\/page"}],"author":[{"embeddable":true,"href":"https:\/\/psychomotive.be\/WP\/wp-json\/wp\/v2\/users\/1"}],"replies":[{"embeddable":true,"href":"https:\/\/psychomotive.be\/WP\/wp-json\/wp\/v2\/comments?post=183"}],"version-history":[{"count":27,"href":"https:\/\/psychomotive.be\/WP\/wp-json\/wp\/v2\/pages\/183\/revisions"}],"predecessor-version":[{"id":734,"href":"https:\/\/psychomotive.be\/WP\/wp-json\/wp\/v2\/pages\/183\/revisions\/734"}],"wp:attachment":[{"href":"https:\/\/psychomotive.be\/WP\/wp-json\/wp\/v2\/media?parent=183"}],"curies":[{"name":"wp","href":"https:\/\/api.w.org\/{rel}","templated":true}]}}