{"id":12,"date":"2018-12-23T21:05:26","date_gmt":"2018-12-23T20:05:26","guid":{"rendered":"http:\/\/localhost:8888\/?page_id=12"},"modified":"2023-12-13T23:59:23","modified_gmt":"2023-12-13T22:59:23","slug":"contact","status":"publish","type":"page","link":"https:\/\/psychomotive.be\/WP\/contact\/","title":{"rendered":"Contact"},"content":{"rendered":"\t\t<div data-elementor-type=\"wp-page\" data-elementor-id=\"12\" class=\"elementor elementor-12\">\n\t\t\t\t\t\t<div class=\"elementor-inner\">\n\t\t\t\t<div class=\"elementor-section-wrap\">\n\t\t\t\t\t\t\t\t\t<section class=\"elementor-section elementor-top-section elementor-element elementor-element-1a29ede elementor-section-boxed elementor-section-height-default elementor-section-height-default\" data-id=\"1a29ede\" data-element_type=\"section\">\n\t\t\t\t\t\t<div class=\"elementor-container elementor-column-gap-default\">\n\t\t\t\t\t\t\t<div class=\"elementor-row\">\n\t\t\t\t\t<div class=\"elementor-column elementor-col-100 elementor-top-column elementor-element elementor-element-25761f98\" data-id=\"25761f98\" data-element_type=\"column\">\n\t\t\t<div class=\"elementor-column-wrap elementor-element-populated\">\n\t\t\t\t\t\t\t<div class=\"elementor-widget-wrap\">\n\t\t\t\t\t\t<div class=\"elementor-element elementor-element-384f641e elementor-widget elementor-widget-text-editor\" data-id=\"384f641e\" data-element_type=\"widget\" data-widget_type=\"text-editor.default\">\n\t\t\t\t<div class=\"elementor-widget-container\">\n\t\t\t\t\t\t\t\t<div class=\"elementor-text-editor elementor-clearfix\">\n\t\t\t\t<p><img loading=\"lazy\" decoding=\"async\" class=\"alignnone size-full wp-image-201 aligncenter\" src=\"http:\/\/psychomotive.be\/WP\/wp-content\/uploads\/2020\/09\/Capture.png\" alt=\"\" width=\"364\" height=\"174\" srcset=\"https:\/\/psychomotive.be\/WP\/wp-content\/uploads\/2020\/09\/Capture.png 364w, https:\/\/psychomotive.be\/WP\/wp-content\/uploads\/2020\/09\/Capture-300x143.png 300w\" sizes=\"auto, (max-width: 364px) 100vw, 364px\" \/><\/p>\n<p style=\"text-align: center;\">\n<\/p><p style=\"text-align: center;\"><span class=\"style6\"><span class=\"auto-style1\"><strong style=\"color: rgb(95, 7, 54);\">ESPACE PSYCHOMOTIVE<\/strong><\/span><\/span><span class=\"auto-style1\"><br class=\"style6\"><span class=\"style6\">Rue de Beaufays, 20<\/span><br class=\"style6\"><span class=\"style6\">4140 &#8211; SPRIMONT<\/span><\/span><\/p>\n<p style=\"text-align: center;\"><span class=\"auto-style1\"><br class=\"style6\"><span class=\"style6\">+32 (0) 475 71 42 96&nbsp; &nbsp;<span style=\"color: #993366;\"><strong>Eliane Desmidt<\/strong><\/span>&nbsp; &nbsp;<span style=\"color: #5f0736;\"><a style=\"color: #5f0736;\" href=\"mailto:eliane.desmidt@psychomotive.be\">eliane.desmidt@psychomotive.be<\/a><\/span><\/span><\/span><\/p>\n<p style=\"text-align: center;\">+32 (0) 496 03 98 65&nbsp; &nbsp;<span style=\"color: #993366;\"><strong>Georges Moussot<\/strong><\/span>&nbsp; <a style=\"color: #5f0736;\" href=\"mailto:georges.moussot@psychomotive.be\"><span style=\"color: #5f0736;\">georges.moussot@psychomotive.be<\/span><\/a>&nbsp;<\/p>\n<p style=\"text-align: center;\">+32 (0) 485 75 19 94&nbsp; &nbsp;<strong><span style=\"color: #993366;\">Laetitia Lawarr\u00e9e<\/span><\/strong>&nbsp; &nbsp;<span style=\"color: #5f0736;\"><a style=\"color: #5f0736;\" href=\"mailto:laetitia.lawarree@psychomotive.be\">laetitia.lawarree@psychomotive.be<\/a><\/span>&nbsp;<\/p>\n<p>&nbsp;<\/p>\n<p style=\"text-align: center;\"><a style=\"color: #5f0736;\" href=\"mailto:info@psychomotive.be\"><span style=\"color: #5f0736;\">info@psychomotive.be<\/span><\/a><\/p>\n<p style=\"text-align: center;\">\n<\/p><p style=\"text-align: center;\"><span class=\"style8\"><span class=\"auto-style1\">Nous sommes situ\u00e9s sur la N30 entre Sprimont et Beaufays,<br>&nbsp;\u00e0 environ 400 m de l&rsquo;Intermarch\u00e9 et d&rsquo;autres surfaces commerciales.<\/span><\/span><\/p>\n<p style=\"text-align: center;\">\n<\/p><p style=\"text-align: center;\"><span class=\"style8\"><span class=\"auto-style1\"><span class=\"style10\"><strong>Acc\u00e8s en bus<\/strong><\/span>&nbsp;(1 arr\u00eat de chaque c\u00f4t\u00e9 de l&rsquo;asbl \u00e0 200 m) :<\/span><\/span><\/p>\n<p style=\"text-align: center;\"><span class=\"style8\"><span class=\"auto-style1\">ligne 727 : Verviers &#8211; Aywaille<\/span><\/span><\/p>\n<p style=\"text-align: center;\"><span class=\"style8\"><span class=\"auto-style1\">ligne 65 : Li\u00e8ge &#8211; Aywaille<\/span><\/span><\/p>\n<p style=\"text-align: center;\"><span class=\"style8\"><span class=\"auto-style1\">ligne 62 : venant de&nbsp; Spa&nbsp;<\/span><\/span><\/p>\n<p style=\"text-align: center;\">\n<\/p><p><!-- wp:shortcode --><\/p>\n<p style=\"text-align: center;\">\n<\/p><p><!-- \/wp:shortcode --><\/p>\n<p style=\"text-align: center;\"><iframe loading=\"lazy\" src=\"http:\/\/maps.google.be\/maps?f=q&amp;source=s_q&amp;hl=fr&amp;geocode=&amp;q=20+Rue+de+Beaufays,+Sprimont,+R%C3%A9gion+Wallonne&amp;sll=50.805935,4.432983&amp;sspn=4.916259,14.249268&amp;ie=UTF8&amp;hq=&amp;hnear=Rue+de+Beaufays+20,+Sprimont+4140+Sprimont,+Li%C3%A8ge,+R%C3%A9gion+Wallonne&amp;ll=50.522503,5.658378&amp;spn=0.019316,0.055661&amp;z=14&amp;output=embed\" width=\"425\" height=\"350\" frameborder=\"0\" marginwidth=\"0\" marginheight=\"0\" scrolling=\"no\"><\/iframe><br><small><a style=\"color: #0000ff; text-align: left;\" href=\"http:\/\/maps.google.be\/maps?f=q&amp;source=embed&amp;hl=fr&amp;geocode=&amp;q=20+Rue+de+Beaufays,+Sprimont,+R%C3%A9gion+Wallonne&amp;sll=50.805935,4.432983&amp;sspn=4.916259,14.249268&amp;ie=UTF8&amp;hq=&amp;hnear=Rue+de+Beaufays+20,+Sprimont+4140+Sprimont,+Li%C3%A8ge,+R%C3%A9gion+Wallonne&amp;ll=50.522503,5.658378&amp;spn=0.019316,0.055661&amp;z=14\">Agrandir le plan<\/a><\/small><\/p>\t\t\t\t\t<\/div>\n\t\t\t\t\t\t<\/div>\n\t\t\t\t<\/div>\n\t\t\t\t\t\t<\/div>\n\t\t\t\t\t<\/div>\n\t\t<\/div>\n\t\t\t\t\t\t\t\t<\/div>\n\t\t\t\t\t<\/div>\n\t\t<\/section>\n\t\t\t\t\t\t\t\t\t<\/div>\n\t\t\t<\/div>\n\t\t\t\t\t<\/div>\n\t\t","protected":false},"excerpt":{"rendered":"<p>ESPACE PSYCHOMOTIVERue de Beaufays, 204140 &#8211; SPRIMONT +32 (0) 475 71 42 96&nbsp; &nbsp;Eliane Desmidt&nbsp; &nbsp;eliane.desmidt@psychomotive.be +32 (0) 496 03 98 65&nbsp; &nbsp;Georges Moussot&nbsp; georges.moussot@psychomotive.be&nbsp; +32 (0) 485 75 19 94&nbsp; &nbsp;Laetitia Lawarr\u00e9e&nbsp; &nbsp;laetitia.lawarree@psychomotive.be&nbsp; &nbsp; info@psychomotive.be Nous sommes situ\u00e9s sur la N30 entre Sprimont et Beaufays,&nbsp;\u00e0 environ 400 m de l&rsquo;Intermarch\u00e9 et d&rsquo;autres surfaces commerciales. [&hellip;]<\/p>\n","protected":false},"author":1,"featured_media":0,"parent":0,"menu_order":0,"comment_status":"closed","ping_status":"closed","template":"templates\/template_page-full-width.php","meta":{"footnotes":""},"class_list":["post-12","page","type-page","status-publish","hentry"],"yoast_head":"<!-- This site is optimized with the Yoast SEO plugin v18.1 - https:\/\/yoast.com\/wordpress\/plugins\/seo\/ -->\n<title>Contact - Psychomotive<\/title>\n<meta name=\"robots\" content=\"index, follow, max-snippet:-1, max-image-preview:large, max-video-preview:-1\" \/>\n<link rel=\"canonical\" href=\"http:\/\/psychomotive.be\/WP\/contact\/\" \/>\n<meta property=\"og:locale\" content=\"fr_FR\" \/>\n<meta property=\"og:type\" content=\"article\" \/>\n<meta property=\"og:title\" content=\"Contact - Psychomotive\" \/>\n<meta property=\"og:description\" content=\"ESPACE PSYCHOMOTIVERue de Beaufays, 204140 &#8211; SPRIMONT +32 (0) 475 71 42 96&nbsp; &nbsp;Eliane Desmidt&nbsp; &nbsp;eliane.desmidt@psychomotive.be +32 (0) 496 03 98 65&nbsp; &nbsp;Georges Moussot&nbsp; georges.moussot@psychomotive.be&nbsp; +32 (0) 485 75 19 94&nbsp; &nbsp;Laetitia Lawarr\u00e9e&nbsp; &nbsp;laetitia.lawarree@psychomotive.be&nbsp; &nbsp; info@psychomotive.be Nous sommes situ\u00e9s sur la N30 entre Sprimont et Beaufays,&nbsp;\u00e0 environ 400 m de l&rsquo;Intermarch\u00e9 et d&rsquo;autres surfaces commerciales. [&hellip;]\" \/>\n<meta property=\"og:url\" content=\"http:\/\/psychomotive.be\/WP\/contact\/\" \/>\n<meta property=\"og:site_name\" content=\"Psychomotive\" \/>\n<meta property=\"article:publisher\" content=\"https:\/\/www.facebook.com\/Psychomotive-1345472448800391\/\" \/>\n<meta property=\"article:modified_time\" content=\"2023-12-13T22:59:23+00:00\" \/>\n<meta property=\"og:image\" content=\"http:\/\/psychomotive.be\/WP\/wp-content\/uploads\/2020\/09\/Capture.png\" \/>\n<meta name=\"twitter:card\" content=\"summary_large_image\" \/>\n<meta name=\"twitter:label1\" content=\"Dur\u00e9e de lecture estim\u00e9e\" \/>\n\t<meta name=\"twitter:data1\" content=\"1 minute\" \/>\n<script type=\"application\/ld+json\" class=\"yoast-schema-graph\">{\"@context\":\"https:\/\/schema.org\",\"@graph\":[{\"@type\":\"WebSite\",\"@id\":\"https:\/\/psychomotive.be\/WP\/#website\",\"url\":\"https:\/\/psychomotive.be\/WP\/\",\"name\":\"Psychomotive\",\"description\":\"\",\"potentialAction\":[{\"@type\":\"SearchAction\",\"target\":{\"@type\":\"EntryPoint\",\"urlTemplate\":\"https:\/\/psychomotive.be\/WP\/?s={search_term_string}\"},\"query-input\":\"required name=search_term_string\"}],\"inLanguage\":\"fr-FR\"},{\"@type\":\"ImageObject\",\"@id\":\"http:\/\/psychomotive.be\/WP\/contact\/#primaryimage\",\"inLanguage\":\"fr-FR\",\"url\":\"http:\/\/psychomotive.be\/WP\/wp-content\/uploads\/2020\/09\/Capture.png\",\"contentUrl\":\"http:\/\/psychomotive.be\/WP\/wp-content\/uploads\/2020\/09\/Capture.png\"},{\"@type\":\"WebPage\",\"@id\":\"http:\/\/psychomotive.be\/WP\/contact\/#webpage\",\"url\":\"http:\/\/psychomotive.be\/WP\/contact\/\",\"name\":\"Contact - Psychomotive\",\"isPartOf\":{\"@id\":\"https:\/\/psychomotive.be\/WP\/#website\"},\"primaryImageOfPage\":{\"@id\":\"http:\/\/psychomotive.be\/WP\/contact\/#primaryimage\"},\"datePublished\":\"2018-12-23T20:05:26+00:00\",\"dateModified\":\"2023-12-13T22:59:23+00:00\",\"breadcrumb\":{\"@id\":\"http:\/\/psychomotive.be\/WP\/contact\/#breadcrumb\"},\"inLanguage\":\"fr-FR\",\"potentialAction\":[{\"@type\":\"ReadAction\",\"target\":[\"http:\/\/psychomotive.be\/WP\/contact\/\"]}]},{\"@type\":\"BreadcrumbList\",\"@id\":\"http:\/\/psychomotive.be\/WP\/contact\/#breadcrumb\",\"itemListElement\":[{\"@type\":\"ListItem\",\"position\":1,\"name\":\"Accueil\",\"item\":\"https:\/\/psychomotive.be\/WP\/\"},{\"@type\":\"ListItem\",\"position\":2,\"name\":\"Contact\"}]}]}<\/script>\n<!-- \/ Yoast SEO plugin. -->","yoast_head_json":{"title":"Contact - Psychomotive","robots":{"index":"index","follow":"follow","max-snippet":"max-snippet:-1","max-image-preview":"max-image-preview:large","max-video-preview":"max-video-preview:-1"},"canonical":"http:\/\/psychomotive.be\/WP\/contact\/","og_locale":"fr_FR","og_type":"article","og_title":"Contact - Psychomotive","og_description":"ESPACE PSYCHOMOTIVERue de Beaufays, 204140 &#8211; SPRIMONT +32 (0) 475 71 42 96&nbsp; &nbsp;Eliane Desmidt&nbsp; &nbsp;eliane.desmidt@psychomotive.be +32 (0) 496 03 98 65&nbsp; &nbsp;Georges Moussot&nbsp; georges.moussot@psychomotive.be&nbsp; +32 (0) 485 75 19 94&nbsp; &nbsp;Laetitia Lawarr\u00e9e&nbsp; &nbsp;laetitia.lawarree@psychomotive.be&nbsp; &nbsp; info@psychomotive.be Nous sommes situ\u00e9s sur la N30 entre Sprimont et Beaufays,&nbsp;\u00e0 environ 400 m de l&rsquo;Intermarch\u00e9 et d&rsquo;autres surfaces commerciales. [&hellip;]","og_url":"http:\/\/psychomotive.be\/WP\/contact\/","og_site_name":"Psychomotive","article_publisher":"https:\/\/www.facebook.com\/Psychomotive-1345472448800391\/","article_modified_time":"2023-12-13T22:59:23+00:00","og_image":[{"url":"http:\/\/psychomotive.be\/WP\/wp-content\/uploads\/2020\/09\/Capture.png"}],"twitter_card":"summary_large_image","twitter_misc":{"Dur\u00e9e de lecture estim\u00e9e":"1 minute"},"schema":{"@context":"https:\/\/schema.org","@graph":[{"@type":"WebSite","@id":"https:\/\/psychomotive.be\/WP\/#website","url":"https:\/\/psychomotive.be\/WP\/","name":"Psychomotive","description":"","potentialAction":[{"@type":"SearchAction","target":{"@type":"EntryPoint","urlTemplate":"https:\/\/psychomotive.be\/WP\/?s={search_term_string}"},"query-input":"required name=search_term_string"}],"inLanguage":"fr-FR"},{"@type":"ImageObject","@id":"http:\/\/psychomotive.be\/WP\/contact\/#primaryimage","inLanguage":"fr-FR","url":"http:\/\/psychomotive.be\/WP\/wp-content\/uploads\/2020\/09\/Capture.png","contentUrl":"http:\/\/psychomotive.be\/WP\/wp-content\/uploads\/2020\/09\/Capture.png"},{"@type":"WebPage","@id":"http:\/\/psychomotive.be\/WP\/contact\/#webpage","url":"http:\/\/psychomotive.be\/WP\/contact\/","name":"Contact - Psychomotive","isPartOf":{"@id":"https:\/\/psychomotive.be\/WP\/#website"},"primaryImageOfPage":{"@id":"http:\/\/psychomotive.be\/WP\/contact\/#primaryimage"},"datePublished":"2018-12-23T20:05:26+00:00","dateModified":"2023-12-13T22:59:23+00:00","breadcrumb":{"@id":"http:\/\/psychomotive.be\/WP\/contact\/#breadcrumb"},"inLanguage":"fr-FR","potentialAction":[{"@type":"ReadAction","target":["http:\/\/psychomotive.be\/WP\/contact\/"]}]},{"@type":"BreadcrumbList","@id":"http:\/\/psychomotive.be\/WP\/contact\/#breadcrumb","itemListElement":[{"@type":"ListItem","position":1,"name":"Accueil","item":"https:\/\/psychomotive.be\/WP\/"},{"@type":"ListItem","position":2,"name":"Contact"}]}]}},"_links":{"self":[{"href":"https:\/\/psychomotive.be\/WP\/wp-json\/wp\/v2\/pages\/12","targetHints":{"allow":["GET"]}}],"collection":[{"href":"https:\/\/psychomotive.be\/WP\/wp-json\/wp\/v2\/pages"}],"about":[{"href":"https:\/\/psychomotive.be\/WP\/wp-json\/wp\/v2\/types\/page"}],"author":[{"embeddable":true,"href":"https:\/\/psychomotive.be\/WP\/wp-json\/wp\/v2\/users\/1"}],"replies":[{"embeddable":true,"href":"https:\/\/psychomotive.be\/WP\/wp-json\/wp\/v2\/comments?post=12"}],"version-history":[{"count":37,"href":"https:\/\/psychomotive.be\/WP\/wp-json\/wp\/v2\/pages\/12\/revisions"}],"predecessor-version":[{"id":1064,"href":"https:\/\/psychomotive.be\/WP\/wp-json\/wp\/v2\/pages\/12\/revisions\/1064"}],"wp:attachment":[{"href":"https:\/\/psychomotive.be\/WP\/wp-json\/wp\/v2\/media?parent=12"}],"curies":[{"name":"wp","href":"https:\/\/api.w.org\/{rel}","templated":true}]}}