{"id":272,"date":"2020-10-03T22:17:27","date_gmt":"2020-10-03T20:17:27","guid":{"rendered":"http:\/\/psychomotive.be\/WP\/?page_id=272"},"modified":"2024-06-10T18:12:23","modified_gmt":"2024-06-10T16:12:23","slug":"georges-moussot","status":"publish","type":"page","link":"http:\/\/psychomotive.be\/WP\/qui-sommes-nous\/georges-moussot\/","title":{"rendered":"Georges Moussot"},"content":{"rendered":"\t\t<div data-elementor-type=\"wp-page\" data-elementor-id=\"272\" class=\"elementor elementor-272\">\n\t\t\t\t\t\t<div class=\"elementor-inner\">\n\t\t\t\t<div class=\"elementor-section-wrap\">\n\t\t\t\t\t\t\t\t\t<section class=\"elementor-section elementor-top-section elementor-element elementor-element-d10a51b elementor-section-boxed elementor-section-height-default elementor-section-height-default\" data-id=\"d10a51b\" data-element_type=\"section\">\n\t\t\t\t\t\t<div class=\"elementor-container elementor-column-gap-default\">\n\t\t\t\t\t\t\t<div class=\"elementor-row\">\n\t\t\t\t\t<div class=\"elementor-column elementor-col-100 elementor-top-column elementor-element elementor-element-fbcc155\" data-id=\"fbcc155\" data-element_type=\"column\">\n\t\t\t<div class=\"elementor-column-wrap elementor-element-populated\">\n\t\t\t\t\t\t\t<div class=\"elementor-widget-wrap\">\n\t\t\t\t\t\t<section class=\"elementor-section elementor-inner-section elementor-element elementor-element-03cd545 elementor-section-boxed elementor-section-height-default elementor-section-height-default\" data-id=\"03cd545\" data-element_type=\"section\">\n\t\t\t\t\t\t<div class=\"elementor-container elementor-column-gap-default\">\n\t\t\t\t\t\t\t<div class=\"elementor-row\">\n\t\t\t\t\t<div class=\"elementor-column elementor-col-50 elementor-inner-column elementor-element elementor-element-5ce34b4\" data-id=\"5ce34b4\" data-element_type=\"column\">\n\t\t\t<div class=\"elementor-column-wrap elementor-element-populated\">\n\t\t\t\t\t\t\t<div class=\"elementor-widget-wrap\">\n\t\t\t\t\t\t<div class=\"elementor-element elementor-element-ed4ee77 elementor-widget elementor-widget-image\" data-id=\"ed4ee77\" data-element_type=\"widget\" data-widget_type=\"image.default\">\n\t\t\t\t<div class=\"elementor-widget-container\">\n\t\t\t\t\t\t\t\t<div class=\"elementor-image\">\n\t\t\t\t\t\t\t\t\t\t\t\t<img loading=\"lazy\" decoding=\"async\" width=\"150\" height=\"150\" src=\"http:\/\/psychomotive.be\/WP\/wp-content\/uploads\/2020\/10\/Georges-150x150.jpg\" class=\"attachment-thumbnail size-thumbnail wp-image-240\" alt=\"\" srcset=\"http:\/\/psychomotive.be\/WP\/wp-content\/uploads\/2020\/10\/Georges-150x150.jpg 150w, http:\/\/psychomotive.be\/WP\/wp-content\/uploads\/2020\/10\/Georges-300x298.jpg 300w, http:\/\/psychomotive.be\/WP\/wp-content\/uploads\/2020\/10\/Georges-768x764.jpg 768w, http:\/\/psychomotive.be\/WP\/wp-content\/uploads\/2020\/10\/Georges.jpg 958w\" sizes=\"auto, (max-width: 150px) 100vw, 150px\" \/>\t\t\t\t\t\t\t\t\t\t\t\t\t\t<\/div>\n\t\t\t\t\t\t<\/div>\n\t\t\t\t<\/div>\n\t\t\t\t\t\t<\/div>\n\t\t\t\t\t<\/div>\n\t\t<\/div>\n\t\t\t\t<div class=\"elementor-column elementor-col-50 elementor-inner-column elementor-element elementor-element-09a08ca\" data-id=\"09a08ca\" data-element_type=\"column\">\n\t\t\t<div class=\"elementor-column-wrap elementor-element-populated\">\n\t\t\t\t\t\t\t<div class=\"elementor-widget-wrap\">\n\t\t\t\t\t\t<div class=\"elementor-element elementor-element-821a619 elementor-widget elementor-widget-text-editor\" data-id=\"821a619\" data-element_type=\"widget\" data-widget_type=\"text-editor.default\">\n\t\t\t\t<div class=\"elementor-widget-container\">\n\t\t\t\t\t\t\t\t<div class=\"elementor-text-editor elementor-clearfix\">\n\t\t\t\t<h2 style=\"text-align: center;\"><span style=\"color: #5f0736;\"><span style=\"font-weight: bolder;\">Georges Moussot<\/span><\/span><\/h2>\n<div>\n<p style=\"margin: 4.5pt 0cm; background-image: initial; background-position: initial; background-size: initial; background-repeat: initial; background-attachment: initial; background-origin: initial; background-clip: initial; text-align: center;\"><i><span style=\"text-align: left;\">\u00ab\u00a0Ce n\u2019est pas parce que les choses sont difficiles que nous n\u2019osons pas, <\/span><\/i><\/p>\n<p style=\"margin: 4.5pt 0cm; background-image: initial; background-position: initial; background-size: initial; background-repeat: initial; background-attachment: initial; background-origin: initial; background-clip: initial; text-align: center;\"><i><span style=\"text-align: left;\">c\u2019est parce que nous n\u2019osons pas qu\u2019elles sont difficiles.\u00a0\u00bb<\/span><\/i><span style=\"text-align: left; color: #000000;\"><cite><br \/><\/cite><\/span><span style=\"text-align: left; color: #000000;\"><cite><span lang=\"FR-BE\" style=\"font-size: 10.5pt; font-family: 'Helvetica',sans-serif; color: #1d2129;\"><span style=\"font-weight: normal;\">\u00a0 \u00a0 \u00a0 \u00a0 \u00a0 \u00a0 \u00a0 \u00a0 \u00a0 \u00a0 \u00a0 \u00a0 \u00a0 \u00a0 \u00a0 \u00a0 \u00a0 \u00a0 \u00a0 \u00a0 \u00a0 \u00a0 \u00a0 \u00a0 \u00a0 \u00a0 \u00a0 \u00a0 \u00a0 \u00a0 \u00a0 \u00a0 \u00a0 \u00a0 \u00a0 S\u00e9n\u00e8que<\/span><\/span><\/cite><\/span><\/p>\n<p>\u00a0<\/p>\n<p style=\"text-align: center;\">\u00ab\u00a0Ce cheminement, cette acceptation de ce que l&rsquo;on est, sans envier l&rsquo;autre, se fera d&rsquo;autant plus facilement que l&rsquo;enfant se sentira aim\u00e9 inconditionnellement. L&rsquo;enfant aim\u00e9 pour ses notes, sa r\u00e9ussite scolaire, ses performances diverses, ne sait plus qui il est.\u00a0\u00bb\u00a0<\/p>\n<p style=\"text-align: center;\">\u00a0 \u00a0 \u00a0 \u00a0 \u00a0 \u00a0 \u00a0 \u00a0 \u00a0 \u00a0 \u00a0 \u00a0 \u00a0 \u00a0 \u00a0 \u00a0 \u00a0 \u00a0 \u00a0 \u00a0 \u00a0 \u00a0 \u00a0 \u00a0 \u00a0 \u00a0 \u00a0 \u00a0 \u00a0 \u00a0 \u00a0 \u00a0 \u00a0 \u00a0 \u00a0 \u00a0 \u00a0 \u00a0 \u00a0 \u00a0 \u00a0 \u00a0 \u00a0 \u00a0 \u00a0 \u00a0 \u00a0 \u00a0 \u00a0 \u00a0 \u00a0 \u00a0 \u00a0 \u00a0 \u00a0 \u00a0 \u00a0 \u00a0 \u00a0Catherine Gueguen<\/p>\n<p style=\"margin: 4.5pt 0cm; background-image: initial; background-position: initial; background-size: initial; background-repeat: initial; background-attachment: initial; background-origin: initial; background-clip: initial; text-align: center;\"><span style=\"text-align: left; color: #000000;\"><cite><i><span lang=\"FR-BE\" style=\"font-size: 10.5pt; font-family: 'Helvetica',sans-serif; color: #1d2129;\"><span style=\"font-weight: normal;\">\u00a0<\/span><\/span><\/i><\/cite><\/span><\/p>\n<\/div>\t\t\t\t\t<\/div>\n\t\t\t\t\t\t<\/div>\n\t\t\t\t<\/div>\n\t\t\t\t\t\t<\/div>\n\t\t\t\t\t<\/div>\n\t\t<\/div>\n\t\t\t\t\t\t\t\t<\/div>\n\t\t\t\t\t<\/div>\n\t\t<\/section>\n\t\t\t\t\t\t<\/div>\n\t\t\t\t\t<\/div>\n\t\t<\/div>\n\t\t\t\t\t\t\t\t<\/div>\n\t\t\t\t\t<\/div>\n\t\t<\/section>\n\t\t\t\t<section class=\"elementor-section elementor-top-section elementor-element elementor-element-3f0b40f9 elementor-section-boxed elementor-section-height-default elementor-section-height-default\" data-id=\"3f0b40f9\" data-element_type=\"section\">\n\t\t\t\t\t\t<div class=\"elementor-container elementor-column-gap-default\">\n\t\t\t\t\t\t\t<div class=\"elementor-row\">\n\t\t\t\t\t<div class=\"elementor-column elementor-col-100 elementor-top-column elementor-element elementor-element-4b524290\" data-id=\"4b524290\" data-element_type=\"column\">\n\t\t\t<div class=\"elementor-column-wrap elementor-element-populated\">\n\t\t\t\t\t\t\t<div class=\"elementor-widget-wrap\">\n\t\t\t\t\t\t<div class=\"elementor-element elementor-element-bee15bf elementor-widget elementor-widget-text-editor\" data-id=\"bee15bf\" data-element_type=\"widget\" data-widget_type=\"text-editor.default\">\n\t\t\t\t<div class=\"elementor-widget-container\">\n\t\t\t\t\t\t\t\t<div class=\"elementor-text-editor elementor-clearfix\">\n\t\t\t\t<p><!-- wp:image {\"id\":240,\"width\":204,\"height\":202,\"sizeSlug\":\"large\"} --><\/p>\n<h6 style=\"text-align: center;\"><strong>Georges Moussot est gestionnaire en ressources humaines, enseignant &amp; Coach en d\u00e9veloppement personnel<\/strong><\/h6>\n<h6 style=\"text-align: center;\"><strong>.<\/strong><\/h6>\n<p><\/p>\n<p>Il est collaborateur de Psychomotive \u00e0 distance en proposant de l\u2019aide au d\u00e9veloppement personnel \u00e0 travers du coaching pour enfants, adolescents et adultes.&nbsp;Le coaching scolaire s&rsquo;adresse aux enfants \u00e0 partir de 8 ans environ, qui ont des capacit\u00e9s \u00e0 exprimer leur v\u00e9cu verbalement ou \u00e0 l&rsquo;aide d&rsquo;une communication augmentative ou alternative.&nbsp;<\/p>\n<p><\/p>\n<p>Il accompagne \u00e9galement des familles en les soutenant dans leur parentalit\u00e9 et en offrant une m\u00e9diation permettant une meilleure communication.<\/p>\n<p><\/p>\n<p>&nbsp;<\/p>\n<p><\/p>\n<p>Enfin, il peut r\u00e9pondre \u00e0 des demandes de formation dans ses domaines de comp\u00e9tences, nourrit par ses diverses exp\u00e9riences et son int\u00e9r\u00eat pour le monde associatif (organisation d\u2019asbl, &nbsp;communication, gestion d\u2019\u00e9quipe et de projets&#8230; ).&nbsp;<\/p>\n<p>&nbsp;<\/p>\n<p><\/p>\n<h6 style=\"text-align: center;\"><strong>Son Background<\/strong><\/h6>\n<h6 style=\"text-align: center;\"><strong><br><\/strong><\/h6>\n<p><\/p>\n<p>Certifi\u00e9 Ma\u00eetre\u2013Praticien en Programmation Neurolinguistique, il&nbsp; a \u00e9galement \u00e9tudi\u00e9 l\u2019intervention syst\u00e9mique et le travail social, la gestion des ressources humaines, et a suivi une formation certifiante au BAO group \u00e0 Bruxelles en Coaching professionnel. &nbsp; Enseignant dans une \u00e9cole secondaire depuis plus de 10 ans, il a obtenu son Certificat d\u2019Aptitudes P\u00e9dagogiques tout en poursuivant en parall\u00e8le son cursus dans divers domaines tels que l\u2019\u00e9coute active, la gestion mentale, la communication non-violente, la gestion de conflits,\u2026<\/p>\n<p><\/p>\n<p>Au sein de l\u2019\u00e9cole o\u00f9 il travaille, il \u0153uvre \u00e0 diverses missions. &nbsp; Il a mis en place et coordonne le Dispositif Interne d&rsquo;Accrochage Scolaire (D.I.A.S.) qui a pour objectif de soutenir dans leur projet, des \u00e9l\u00e8ves qui ont des difficult\u00e9s d\u2019apprentissage, d\u2019assiduit\u00e9 et de motivation. Pour cela, il collabore avec diff\u00e9rents partenaires (CPMS, planning familial\u2026). Avec d&rsquo;autres partenaires dans 8 \u00e9coles, il a \u00e9galement mis en place un projet d\u2019accompagnement de jeunes en situation de d\u00e9crochage ou en difficult\u00e9s d\u2019orientation scolaire. Ce projet est soutenu par le Fonds social Europeen (projet Accrojump). &nbsp; Par le pass\u00e9, il a particip\u00e9 \u00e0 un groupe de travail organis\u00e9 par la Fondation Roi Baudouin sur le th\u00e8me de la rem\u00e9diation au sein de l\u2019enseignement. Il a particip\u00e9 au projet&nbsp; \u00ab Expairs \u00bb organis\u00e9 par la F\u00e9d\u00e9ration Wallonie-Bruxelles ayant pour but d\u2019am\u00e9liorer l\u2019enseignement professionnel, ainsi que sur des projets europ\u00e9ens : \u00ab Stay@school \u00bb et \u00ab School Safety net \u00bb encadr\u00e9s par l\u2019ASBL Inforef.<\/p>\n<p><!-- \/wp:paragraph --><!-- wp:paragraph --><\/p>\n<p>Il est aujourd\u2019hui une personne ressource et relais pour des \u00e9quipes \u00e9ducatives, p\u00e9dagogiques et de direction, ainsi que pour les jeunes et les familles qu&rsquo;il accompagne.<\/p>\n<p><\/p>\n<p>Dans le cadre de ses pratiques professionnelles, il participe \u00e0 un groupe d&rsquo;analyse de pratiques&nbsp; dans des domaines tels que les assu\u00e9tudes et les d\u00e9pendances, le droit des jeunes, l&rsquo;aide \u00e0 la jeunesse, la sant\u00e9, l&rsquo;accueil, l&rsquo;\u00e9coute, l&rsquo;information, la pr\u00e9vention et l&rsquo;accompagnement psycho-social des jeunes et des&nbsp; familles.&nbsp; &nbsp;<\/p>\n<p><\/p>\n<p>Dans ses suivis individuels, il est amen\u00e9 \u00e0 collaborer r\u00e9guli\u00e8rement avec d\u2019autres professionnels.<\/p>\n<p><br><\/p>\n<h6><center>Le coaching<\/center><center><br><\/center><\/h6>\n<p>Lorsqu\u2019on a besoin de faire une halte dans sa vie car on d\u00e9sire du changement face \u00e0 une situation probl\u00e9matique ou simplement le besoin d\u2019\u00e9voluer, un accompagnement individualis\u00e9 peut \u00eatre utile dans cette transformation de soi, dans sa vie scolaire pour les plus jeunes, ou encore amoureuse, familiale ou professionnelle pour d\u2019autres. Il ne s\u2019agit pas de faire une analyse de soi, de retourner dans son pass\u00e9 chercher des causes\u2026 Il s\u2019agit plut\u00f4t de trouver l\u2019angle de vue qui se focalise sur l\u2019avenir que l\u2019on souhaite construire, et de trouver le chemin et les outils personnels pour y arriver.<br><\/p>\n<p><br><\/p>\n<p><\/p>\n<p><!-- \/wp:paragraph --><!-- wp:paragraph --><\/p>\n<h6 style=\"text-align: center;\"><strong>&nbsp;Lieu de consultation<\/strong><\/h6>\n<p><\/p>\n<p style=\"text-align: center;\">Ferri\u00e8res<\/p>\n<p style=\"text-align: center;\">\n<\/p><h6 style=\"text-align: center;\"><strong>Contact<\/strong><\/h6>\n<p><\/p>\n<p style=\"text-align: center;\">0496\/03.98.65<\/p>\n<p style=\"text-align: center;\"><a href=\"mailto:georges.moussot@psychomotive.be\"><span style=\"text-decoration: underline; color: #5f0736;\">georges.moussot@psychomotive.be<\/span><\/a><\/p>\n<p><!-- \/wp:paragraph --><!-- wp:group --><\/p>\n<div>\n<div>\n<p><!-- wp:group --><\/p>\n<div>\n<div>&nbsp;<\/div>\n<\/div>\n<p><!-- \/wp:group --><\/p>\n<\/div>\n<\/div>\n<p><!-- \/wp:group --><\/p>\t\t\t\t\t<\/div>\n\t\t\t\t\t\t<\/div>\n\t\t\t\t<\/div>\n\t\t\t\t\t\t<\/div>\n\t\t\t\t\t<\/div>\n\t\t<\/div>\n\t\t\t\t\t\t\t\t<\/div>\n\t\t\t\t\t<\/div>\n\t\t<\/section>\n\t\t\t\t\t\t\t\t\t<\/div>\n\t\t\t<\/div>\n\t\t\t\t\t<\/div>\n\t\t","protected":false},"excerpt":{"rendered":"<p>Georges Moussot \u00ab\u00a0Ce n\u2019est pas parce que les choses sont difficiles que nous n\u2019osons pas, c\u2019est parce que nous n\u2019osons pas qu\u2019elles sont difficiles.\u00a0\u00bb\u00a0 \u00a0 \u00a0 \u00a0 \u00a0 \u00a0 \u00a0 \u00a0 \u00a0 \u00a0 \u00a0 \u00a0 \u00a0 \u00a0 \u00a0 \u00a0 \u00a0 \u00a0 \u00a0 \u00a0 \u00a0 \u00a0 \u00a0 \u00a0 \u00a0 \u00a0 \u00a0 \u00a0 \u00a0 \u00a0 \u00a0 \u00a0 [&hellip;]<\/p>\n","protected":false},"author":1,"featured_media":0,"parent":86,"menu_order":0,"comment_status":"closed","ping_status":"closed","template":"templates\/template_page-full-width.php","meta":{"footnotes":""},"class_list":["post-272","page","type-page","status-publish","hentry"],"yoast_head":"<!-- This site is optimized with the Yoast SEO plugin v18.1 - https:\/\/yoast.com\/wordpress\/plugins\/seo\/ -->\n<title>Georges Moussot - Psychomotive<\/title>\n<meta name=\"robots\" content=\"index, follow, max-snippet:-1, max-image-preview:large, max-video-preview:-1\" \/>\n<link rel=\"canonical\" href=\"http:\/\/psychomotive.be\/WP\/qui-sommes-nous\/georges-moussot\/\" \/>\n<meta property=\"og:locale\" content=\"fr_FR\" \/>\n<meta property=\"og:type\" content=\"article\" \/>\n<meta property=\"og:title\" content=\"Georges Moussot - Psychomotive\" \/>\n<meta property=\"og:description\" content=\"Georges Moussot \u00ab\u00a0Ce n\u2019est pas parce que les choses sont difficiles que nous n\u2019osons pas, c\u2019est parce que nous n\u2019osons pas qu\u2019elles sont difficiles.\u00a0\u00bb\u00a0 \u00a0 \u00a0 \u00a0 \u00a0 \u00a0 \u00a0 \u00a0 \u00a0 \u00a0 \u00a0 \u00a0 \u00a0 \u00a0 \u00a0 \u00a0 \u00a0 \u00a0 \u00a0 \u00a0 \u00a0 \u00a0 \u00a0 \u00a0 \u00a0 \u00a0 \u00a0 \u00a0 \u00a0 \u00a0 \u00a0 \u00a0 [&hellip;]\" \/>\n<meta property=\"og:url\" content=\"http:\/\/psychomotive.be\/WP\/qui-sommes-nous\/georges-moussot\/\" \/>\n<meta property=\"og:site_name\" content=\"Psychomotive\" \/>\n<meta property=\"article:publisher\" content=\"https:\/\/www.facebook.com\/Psychomotive-1345472448800391\/\" \/>\n<meta property=\"article:modified_time\" content=\"2024-06-10T16:12:23+00:00\" \/>\n<meta property=\"og:image\" content=\"http:\/\/psychomotive.be\/WP\/wp-content\/uploads\/2020\/10\/Georges-150x150.jpg\" \/>\n<meta name=\"twitter:card\" content=\"summary_large_image\" \/>\n<meta name=\"twitter:label1\" content=\"Dur\u00e9e de lecture estim\u00e9e\" \/>\n\t<meta name=\"twitter:data1\" content=\"4 minutes\" \/>\n<script type=\"application\/ld+json\" class=\"yoast-schema-graph\">{\"@context\":\"https:\/\/schema.org\",\"@graph\":[{\"@type\":\"WebSite\",\"@id\":\"https:\/\/psychomotive.be\/WP\/#website\",\"url\":\"https:\/\/psychomotive.be\/WP\/\",\"name\":\"Psychomotive\",\"description\":\"\",\"potentialAction\":[{\"@type\":\"SearchAction\",\"target\":{\"@type\":\"EntryPoint\",\"urlTemplate\":\"https:\/\/psychomotive.be\/WP\/?s={search_term_string}\"},\"query-input\":\"required name=search_term_string\"}],\"inLanguage\":\"fr-FR\"},{\"@type\":\"ImageObject\",\"@id\":\"http:\/\/psychomotive.be\/WP\/qui-sommes-nous\/georges-moussot\/#primaryimage\",\"inLanguage\":\"fr-FR\",\"url\":\"http:\/\/psychomotive.be\/WP\/wp-content\/uploads\/2020\/10\/Georges.jpg\",\"contentUrl\":\"http:\/\/psychomotive.be\/WP\/wp-content\/uploads\/2020\/10\/Georges.jpg\",\"width\":958,\"height\":953},{\"@type\":\"WebPage\",\"@id\":\"http:\/\/psychomotive.be\/WP\/qui-sommes-nous\/georges-moussot\/#webpage\",\"url\":\"http:\/\/psychomotive.be\/WP\/qui-sommes-nous\/georges-moussot\/\",\"name\":\"Georges Moussot - Psychomotive\",\"isPartOf\":{\"@id\":\"https:\/\/psychomotive.be\/WP\/#website\"},\"primaryImageOfPage\":{\"@id\":\"http:\/\/psychomotive.be\/WP\/qui-sommes-nous\/georges-moussot\/#primaryimage\"},\"datePublished\":\"2020-10-03T20:17:27+00:00\",\"dateModified\":\"2024-06-10T16:12:23+00:00\",\"breadcrumb\":{\"@id\":\"http:\/\/psychomotive.be\/WP\/qui-sommes-nous\/georges-moussot\/#breadcrumb\"},\"inLanguage\":\"fr-FR\",\"potentialAction\":[{\"@type\":\"ReadAction\",\"target\":[\"http:\/\/psychomotive.be\/WP\/qui-sommes-nous\/georges-moussot\/\"]}]},{\"@type\":\"BreadcrumbList\",\"@id\":\"http:\/\/psychomotive.be\/WP\/qui-sommes-nous\/georges-moussot\/#breadcrumb\",\"itemListElement\":[{\"@type\":\"ListItem\",\"position\":1,\"name\":\"Accueil\",\"item\":\"https:\/\/psychomotive.be\/WP\/\"},{\"@type\":\"ListItem\",\"position\":2,\"name\":\"Qui sommes-nous ?\",\"item\":\"http:\/\/psychomotive.be\/WP\/qui-sommes-nous\/\"},{\"@type\":\"ListItem\",\"position\":3,\"name\":\"Georges Moussot\"}]}]}<\/script>\n<!-- \/ Yoast SEO plugin. -->","yoast_head_json":{"title":"Georges Moussot - Psychomotive","robots":{"index":"index","follow":"follow","max-snippet":"max-snippet:-1","max-image-preview":"max-image-preview:large","max-video-preview":"max-video-preview:-1"},"canonical":"http:\/\/psychomotive.be\/WP\/qui-sommes-nous\/georges-moussot\/","og_locale":"fr_FR","og_type":"article","og_title":"Georges Moussot - Psychomotive","og_description":"Georges Moussot \u00ab\u00a0Ce n\u2019est pas parce que les choses sont difficiles que nous n\u2019osons pas, c\u2019est parce que nous n\u2019osons pas qu\u2019elles sont difficiles.\u00a0\u00bb\u00a0 \u00a0 \u00a0 \u00a0 \u00a0 \u00a0 \u00a0 \u00a0 \u00a0 \u00a0 \u00a0 \u00a0 \u00a0 \u00a0 \u00a0 \u00a0 \u00a0 \u00a0 \u00a0 \u00a0 \u00a0 \u00a0 \u00a0 \u00a0 \u00a0 \u00a0 \u00a0 \u00a0 \u00a0 \u00a0 \u00a0 \u00a0 [&hellip;]","og_url":"http:\/\/psychomotive.be\/WP\/qui-sommes-nous\/georges-moussot\/","og_site_name":"Psychomotive","article_publisher":"https:\/\/www.facebook.com\/Psychomotive-1345472448800391\/","article_modified_time":"2024-06-10T16:12:23+00:00","og_image":[{"url":"http:\/\/psychomotive.be\/WP\/wp-content\/uploads\/2020\/10\/Georges-150x150.jpg"}],"twitter_card":"summary_large_image","twitter_misc":{"Dur\u00e9e de lecture estim\u00e9e":"4 minutes"},"schema":{"@context":"https:\/\/schema.org","@graph":[{"@type":"WebSite","@id":"https:\/\/psychomotive.be\/WP\/#website","url":"https:\/\/psychomotive.be\/WP\/","name":"Psychomotive","description":"","potentialAction":[{"@type":"SearchAction","target":{"@type":"EntryPoint","urlTemplate":"https:\/\/psychomotive.be\/WP\/?s={search_term_string}"},"query-input":"required name=search_term_string"}],"inLanguage":"fr-FR"},{"@type":"ImageObject","@id":"http:\/\/psychomotive.be\/WP\/qui-sommes-nous\/georges-moussot\/#primaryimage","inLanguage":"fr-FR","url":"http:\/\/psychomotive.be\/WP\/wp-content\/uploads\/2020\/10\/Georges.jpg","contentUrl":"http:\/\/psychomotive.be\/WP\/wp-content\/uploads\/2020\/10\/Georges.jpg","width":958,"height":953},{"@type":"WebPage","@id":"http:\/\/psychomotive.be\/WP\/qui-sommes-nous\/georges-moussot\/#webpage","url":"http:\/\/psychomotive.be\/WP\/qui-sommes-nous\/georges-moussot\/","name":"Georges Moussot - Psychomotive","isPartOf":{"@id":"https:\/\/psychomotive.be\/WP\/#website"},"primaryImageOfPage":{"@id":"http:\/\/psychomotive.be\/WP\/qui-sommes-nous\/georges-moussot\/#primaryimage"},"datePublished":"2020-10-03T20:17:27+00:00","dateModified":"2024-06-10T16:12:23+00:00","breadcrumb":{"@id":"http:\/\/psychomotive.be\/WP\/qui-sommes-nous\/georges-moussot\/#breadcrumb"},"inLanguage":"fr-FR","potentialAction":[{"@type":"ReadAction","target":["http:\/\/psychomotive.be\/WP\/qui-sommes-nous\/georges-moussot\/"]}]},{"@type":"BreadcrumbList","@id":"http:\/\/psychomotive.be\/WP\/qui-sommes-nous\/georges-moussot\/#breadcrumb","itemListElement":[{"@type":"ListItem","position":1,"name":"Accueil","item":"https:\/\/psychomotive.be\/WP\/"},{"@type":"ListItem","position":2,"name":"Qui sommes-nous ?","item":"http:\/\/psychomotive.be\/WP\/qui-sommes-nous\/"},{"@type":"ListItem","position":3,"name":"Georges Moussot"}]}]}},"_links":{"self":[{"href":"http:\/\/psychomotive.be\/WP\/wp-json\/wp\/v2\/pages\/272","targetHints":{"allow":["GET"]}}],"collection":[{"href":"http:\/\/psychomotive.be\/WP\/wp-json\/wp\/v2\/pages"}],"about":[{"href":"http:\/\/psychomotive.be\/WP\/wp-json\/wp\/v2\/types\/page"}],"author":[{"embeddable":true,"href":"http:\/\/psychomotive.be\/WP\/wp-json\/wp\/v2\/users\/1"}],"replies":[{"embeddable":true,"href":"http:\/\/psychomotive.be\/WP\/wp-json\/wp\/v2\/comments?post=272"}],"version-history":[{"count":65,"href":"http:\/\/psychomotive.be\/WP\/wp-json\/wp\/v2\/pages\/272\/revisions"}],"predecessor-version":[{"id":1581,"href":"http:\/\/psychomotive.be\/WP\/wp-json\/wp\/v2\/pages\/272\/revisions\/1581"}],"up":[{"embeddable":true,"href":"http:\/\/psychomotive.be\/WP\/wp-json\/wp\/v2\/pages\/86"}],"wp:attachment":[{"href":"http:\/\/psychomotive.be\/WP\/wp-json\/wp\/v2\/media?parent=272"}],"curies":[{"name":"wp","href":"https:\/\/api.w.org\/{rel}","templated":true}]}}