{"id":245,"date":"2020-10-03T19:09:18","date_gmt":"2020-10-03T17:09:18","guid":{"rendered":"http:\/\/psychomotive.be\/WP\/?page_id=245"},"modified":"2026-01-29T19:07:34","modified_gmt":"2026-01-29T18:07:34","slug":"activites-en-groupe","status":"publish","type":"page","link":"http:\/\/psychomotive.be\/WP\/services\/activites-en-groupe\/","title":{"rendered":"Activit\u00e9s en groupe"},"content":{"rendered":"\t\t<div data-elementor-type=\"wp-page\" data-elementor-id=\"245\" class=\"elementor elementor-245\">\n\t\t\t\t\t\t<div class=\"elementor-inner\">\n\t\t\t\t<div class=\"elementor-section-wrap\">\n\t\t\t\t\t\t\t\t\t<section class=\"elementor-section elementor-top-section elementor-element elementor-element-8dbe802 elementor-section-boxed elementor-section-height-default elementor-section-height-default\" data-id=\"8dbe802\" data-element_type=\"section\">\n\t\t\t\t\t\t<div class=\"elementor-container elementor-column-gap-default\">\n\t\t\t\t\t\t\t<div class=\"elementor-row\">\n\t\t\t\t\t<div class=\"elementor-column elementor-col-100 elementor-top-column elementor-element elementor-element-04b9360\" data-id=\"04b9360\" data-element_type=\"column\">\n\t\t\t<div class=\"elementor-column-wrap elementor-element-populated\">\n\t\t\t\t\t\t\t<div class=\"elementor-widget-wrap\">\n\t\t\t\t\t\t<div class=\"elementor-element elementor-element-bcab1e6 elementor-widget elementor-widget-text-editor\" data-id=\"bcab1e6\" data-element_type=\"widget\" data-widget_type=\"text-editor.default\">\n\t\t\t\t<div class=\"elementor-widget-container\">\n\t\t\t\t\t\t\t\t<div class=\"elementor-text-editor elementor-clearfix\">\n\t\t\t\t<h2 style=\"text-align: center;\"><span style=\"color: #5f0736;\">Activit\u00e9s de soutien en groupe<\/span><\/h2>\t\t\t\t\t<\/div>\n\t\t\t\t\t\t<\/div>\n\t\t\t\t<\/div>\n\t\t\t\t\t\t<\/div>\n\t\t\t\t\t<\/div>\n\t\t<\/div>\n\t\t\t\t\t\t\t\t<\/div>\n\t\t\t\t\t<\/div>\n\t\t<\/section>\n\t\t\t\t<section class=\"elementor-section elementor-top-section elementor-element elementor-element-691bd97 elementor-section-boxed elementor-section-height-default elementor-section-height-default\" data-id=\"691bd97\" data-element_type=\"section\">\n\t\t\t\t\t\t<div class=\"elementor-container elementor-column-gap-default\">\n\t\t\t\t\t\t\t<div class=\"elementor-row\">\n\t\t\t\t\t<div class=\"elementor-column elementor-col-100 elementor-top-column elementor-element elementor-element-b3cafb6\" data-id=\"b3cafb6\" data-element_type=\"column\">\n\t\t\t<div class=\"elementor-column-wrap elementor-element-populated\">\n\t\t\t\t\t\t\t<div class=\"elementor-widget-wrap\">\n\t\t\t\t\t\t<div class=\"elementor-element elementor-element-e0a9dee elementor-widget elementor-widget-image\" data-id=\"e0a9dee\" data-element_type=\"widget\" data-widget_type=\"image.default\">\n\t\t\t\t<div class=\"elementor-widget-container\">\n\t\t\t\t\t\t\t\t<div class=\"elementor-image\">\n\t\t\t\t\t\t\t\t\t\t\t\t<img loading=\"lazy\" decoding=\"async\" width=\"1024\" height=\"765\" src=\"http:\/\/psychomotive.be\/WP\/wp-content\/uploads\/2026\/01\/Aventure-Interieure-2026-1024x765.png\" class=\"attachment-large size-large wp-image-1689\" alt=\"\" srcset=\"http:\/\/psychomotive.be\/WP\/wp-content\/uploads\/2026\/01\/Aventure-Interieure-2026-1024x765.png 1024w, http:\/\/psychomotive.be\/WP\/wp-content\/uploads\/2026\/01\/Aventure-Interieure-2026-300x224.png 300w, http:\/\/psychomotive.be\/WP\/wp-content\/uploads\/2026\/01\/Aventure-Interieure-2026-768x574.png 768w, http:\/\/psychomotive.be\/WP\/wp-content\/uploads\/2026\/01\/Aventure-Interieure-2026-1536x1148.png 1536w, http:\/\/psychomotive.be\/WP\/wp-content\/uploads\/2026\/01\/Aventure-Interieure-2026-2048x1530.png 2048w\" sizes=\"auto, (max-width: 1024px) 100vw, 1024px\" \/>\t\t\t\t\t\t\t\t\t\t\t\t\t\t<\/div>\n\t\t\t\t\t\t<\/div>\n\t\t\t\t<\/div>\n\t\t\t\t\t\t<\/div>\n\t\t\t\t\t<\/div>\n\t\t<\/div>\n\t\t\t\t\t\t\t\t<\/div>\n\t\t\t\t\t<\/div>\n\t\t<\/section>\n\t\t\t\t<section class=\"elementor-section elementor-top-section elementor-element elementor-element-407fa0f elementor-section-boxed elementor-section-height-default elementor-section-height-default\" data-id=\"407fa0f\" data-element_type=\"section\">\n\t\t\t\t\t\t<div class=\"elementor-container elementor-column-gap-default\">\n\t\t\t\t\t\t\t<div class=\"elementor-row\">\n\t\t\t\t\t<div class=\"elementor-column elementor-col-100 elementor-top-column elementor-element elementor-element-e89dc1e\" data-id=\"e89dc1e\" data-element_type=\"column\">\n\t\t\t<div class=\"elementor-column-wrap elementor-element-populated\">\n\t\t\t\t\t\t\t<div class=\"elementor-widget-wrap\">\n\t\t\t\t\t\t<div class=\"elementor-element elementor-element-2a60484 elementor-widget elementor-widget-text-editor\" data-id=\"2a60484\" data-element_type=\"widget\" data-widget_type=\"text-editor.default\">\n\t\t\t\t<div class=\"elementor-widget-container\">\n\t\t\t\t\t\t\t\t<div class=\"elementor-text-editor elementor-clearfix\">\n\t\t\t\t<p style=\"text-indent: 35.4pt;\">\n<\/p><p><span style=\"font-weight: bold;\"><span style=\"font-size: 14pt; line-height: 21.4667px; font-family: Calibri, sans-serif;\">L\u2019aventure int\u00e9rieure<\/span><\/span>&nbsp;<span style=\"font-family: Calibri, sans-serif;\">est un groupe destin\u00e9 aux jeunes enfants qui pr\u00e9sentent des besoins de soutien sur le plan relationnel, \u00e9motionnel, comportemental ou d\u00e9veloppemental, ainsi qu\u2019aux enfants ayant v\u00e9cu des exp\u00e9riences pr\u00e9coces difficiles ou en situation de handicap.<\/span><\/p>\n<p><span style=\"font-weight: bold;\"><span style=\"font-family: Calibri, sans-serif;\">Le groupe offre<\/span><\/span><span style=\"font-family: Calibri, sans-serif;\">&nbsp;un cadre s\u00e9curisant, bienveillant et inclusif o\u00f9 les enfants explorent leurs \u00e9motions, leurs besoins et leurs mani\u00e8res d\u2019entrer en relation. \u00c0 travers le jeu, le mouvement, les interactions et des activit\u00e9s de bien<\/span><span style=\"font-family: 'Cambria Math', serif;\">\u2011<\/span><span style=\"font-family: Calibri, sans-serif;\">\u00eatre, ils apprennent \u00e0 reconna\u00eetre, exprimer et r\u00e9guler leurs \u00e9motions, \u00e0 coop\u00e9rer, \u00e0 communiquer et \u00e0 renforcer leur confiance en eux.<\/span><\/p>\n<p><span style=\"font-family: Calibri, sans-serif;\"><br><\/span><\/p>\n<p><span style=\"font-family: Calibri, sans-serif;\">L&rsquo;accompagnement s&rsquo;appuie principalement sur l&rsquo;Approche Centr\u00e9e sur la Personne et Exp\u00e9rientielle (ACPE), ainsi que sur la Child-Centered Play Therapy (CCPT). Mais il s&rsquo;inspire \u00e9galement de Theraplay<\/span><i style=\"color: rgb(0, 0, 0); font-family: Calibri, sans-serif; text-align: justify;\">\u00a9, <\/i><span style=\"font-family: Calibri, sans-serif;\">et de la Psychoth\u00e9rapie Sensorimotrice<\/span><i style=\"color: rgb(0, 0, 0); font-family: Calibri, sans-serif; text-align: justify;\">\u00a9&nbsp;<\/i><span style=\"font-family: Calibri, sans-serif;\">pour enfants.<\/span><span style=\"font-family: Calibri, sans-serif;\">&nbsp;<\/span><\/p>\n<p><span style=\"font-family: Calibri, sans-serif;\"><br><\/span><\/p>\n<p>A travers celui-ci, travers\u00e9 par la consid\u00e9ration positive inconditionnelle, la congruence, l&rsquo;\u00e9coute empathique et \u00ab\u00a0le jouer\u00a0\u00bb accompagn\u00e9, nous visons \u00e0 permettre \u00e0 chaque enfant de se sentir reconnu, l\u00e9gitime et en s\u00e9curit\u00e9.&nbsp;<\/p>\n<p style=\"margin: 0cm 0cm 8pt; line-height: 18.4px; font-size: 12pt; font-family: Aptos, sans-serif; color: rgb(0, 0, 0); text-align: justify;\"><span style=\"font-family: Calibri, sans-serif; color: rgb(122, 122, 122); text-align: left;\">&nbsp;<\/span><\/p>\n<p style=\"text-indent: 35.4pt;\"><span style=\"font-weight: bold;\"><span style=\"font-family: Calibri, sans-serif;\">Les enfants participent activement au processus :&nbsp;<\/span><\/span><\/p>\n<p><span style=\"font-family: Calibri, sans-serif;\">&#8211; ils sont inform\u00e9s du cadre et des objectifs,&nbsp;<\/span><\/p>\n<p><span style=\"font-family: Calibri, sans-serif;\">&#8211; leurs besoins et pr\u00e9f\u00e9rences sont pris en compte,&nbsp;<\/span><\/p>\n<p><span style=\"font-family: Calibri, sans-serif;\">&#8211; ils contribuent aux activit\u00e9s et influencent le d\u00e9roulement des s\u00e9ances,&nbsp;<\/span><\/p>\n<p><span style=\"font-family: Calibri, sans-serif;\">&#8211; certaines \u00e9tapes sont co<\/span><span style=\"font-family: 'Cambria Math', serif;\">\u2011<\/span><span style=\"font-family: Calibri, sans-serif;\">construites avec eux (r\u00e8gles, rituels, choix d\u2019activit\u00e9s).<\/span><\/p>\n<p><span style=\"font-family: Calibri, sans-serif;\">&nbsp;<\/span><\/p>\n<p style=\"text-indent: 35.4pt;\"><span style=\"font-weight: bold;\"><span style=\"font-family: Calibri, sans-serif;\">Les situations exp\u00e9rientielles propos\u00e9es soutiennent :&nbsp;<\/span><\/span><\/p>\n<p><span style=\"font-family: Calibri, sans-serif;\">&#8211; la r\u00e9gulation \u00e9motionnelle,&nbsp;<\/span><\/p>\n<p><span style=\"font-family: Calibri, sans-serif;\">&#8211; l\u2019empathie et la compr\u00e9hension des autres,&nbsp;<\/span><\/p>\n<p><span style=\"font-family: Calibri, sans-serif;\">&#8211; la communication et la coop\u00e9ration,&nbsp;<\/span><\/p>\n<p><span style=\"font-family: Calibri, sans-serif;\">&#8211; la r\u00e9solution de conflits,&nbsp;<\/span><\/p>\n<p><span style=\"font-family: Calibri, sans-serif;\">&#8211; le d\u00e9veloppement des fonctions ex\u00e9cutives (inhibition, flexibilit\u00e9, planification),&nbsp;<\/span><\/p>\n<p><span style=\"font-family: Calibri, sans-serif;\">&#8211; la s\u00e9curit\u00e9 interne, l\u2019estime de soi et le sentiment d\u2019appartenance.<\/span><\/p>\n<p><span style=\"font-family: Calibri, sans-serif;\">&nbsp;<\/span><\/p>\n<p><span style=\"font-weight: bold;\"><span style=\"font-family: Calibri, sans-serif;\">Le groupe devient ainsi un espace o\u00f9 chaque enfant peut se d\u00e9couvrir, s\u2019ajuster, s\u2019exprimer et s\u2019ouvrir aux autres, tout en d\u00e9veloppant les comp\u00e9tences psychosociales essentielles \u00e0 son bien<\/span><\/span><span style=\"font-weight: bold;\"><span style=\"font-family: 'Cambria Math', serif;\">\u2011<\/span><\/span><span style=\"font-weight: bold;\"><span style=\"font-family: Calibri, sans-serif;\">\u00eatre et \u00e0 son adaptation future.<\/span><\/span><\/p>\n<p><span style=\"font-weight: bold;\"><span style=\"font-family: Calibri, sans-serif;\">&nbsp;<\/span><\/span><\/p>\n<p><span style=\"font-family: 'Calibri',sans-serif;\"><b>Fondements Scientifiques<\/b><\/span><\/p>\n<p><span style=\"font-family: 'Calibri',sans-serif;\"><b>&nbsp;<\/b><\/span><\/p>\n<p><span style=\"font-family: 'Calibri',sans-serif;\">Le dispositif \u00ab&nbsp;<b><i>L\u2019aventure int\u00e9rieure<\/i><\/b>&nbsp;\u00bb s\u2019appuie sur des approches dont l\u2019efficacit\u00e9 est reconnue dans la litt\u00e9rature scientifique internationale.<br>Les recherches montrent que les comp\u00e9tences socio<\/span><span style=\"font-family: 'Cambria Math',serif; mso-bidi-font-family: 'Cambria Math';\">\u2011<\/span><span style=\"font-family: 'Calibri',sans-serif;\">\u00e9motionnelles se d\u00e9veloppent gr\u00e2ce \u00e0 l\u2019interaction entre la r\u00e9gulation \u00e9motionnelle, le traitement de l\u2019information sociale, les comp\u00e9tences sociales et les fonctions ex\u00e9cutives. Soutenir ces processus d\u00e8s le plus jeune \u00e2ge favorise le bien<\/span><span style=\"font-family: 'Cambria Math',serif; mso-bidi-font-family: 'Cambria Math';\">\u2011<\/span><span style=\"font-family: 'Calibri',sans-serif;\">\u00eatre, l\u2019adaptation sociale et la r\u00e9ussite scolaire.<\/span><\/p>\n<p><span style=\"font-family: 'Calibri',sans-serif;\">Les travaux d\u2019Eisenberg, Rubin, Baurain &amp; Nader<\/span><span style=\"font-family: 'Cambria Math',serif; mso-bidi-font-family: 'Cambria Math';\">\u2011<\/span><span style=\"font-family: 'Calibri',sans-serif;\">Grosbois soulignent l\u2019importance d\u2019aider les enfants \u00e0 comprendre leurs \u00e9motions, \u00e0 les exprimer de mani\u00e8re adapt\u00e9e et \u00e0 maintenir des relations positives avec les autres. Notre groupe vise pr\u00e9cis\u00e9ment \u00e0 renforcer ces comp\u00e9tences essentielles.<\/span><\/p>\n<p><span style=\"font-family: 'Calibri',sans-serif;\">L\u2019accompagnement repose sur une <i>Approche Centr\u00e9e sur la Personne et Exp\u00e9rientielle (ACPE),&nbsp;<\/i>fond\u00e9e sur la congruence, la consid\u00e9ration positive inconditionnelle et l\u2019empathie. Ce cadre relationnel s\u00e9curisant permet aux enfants d\u2019explorer leur v\u00e9cu, de se r\u00e9guler et de se transformer \u00e0 partir de leurs exp\u00e9riences corporelles, \u00e9motionnelles et relationnelles.<\/span><\/p>\n<p><span style=\"font-family: 'Calibri',sans-serif;\">Le programme int\u00e8gre \u00e9galement des pratiques issues de la<i> Child<\/i><\/span><i><span style=\"font-family: 'Cambria Math',serif; mso-bidi-font-family: 'Cambria Math';\">\u2011<\/span><\/i><i><span style=\"font-family: 'Calibri',sans-serif;\">Centered Play Therapy<\/span><\/i><span style=\"font-family: 'Calibri',sans-serif;\"> (<i>CCPT),<\/i> dont l\u2019efficacit\u00e9 est d\u00e9montr\u00e9e par des essais contr\u00f4l\u00e9s randomis\u00e9s, notamment aupr\u00e8s d\u2019enfants ayant v\u00e9cu des exp\u00e9riences potentiellement traumatiques. Le jeu y est reconnu comme<br>un outil th\u00e9rapeutique valid\u00e9, permettant l\u2019expression, la symbolisation et le<br>traitement des exp\u00e9riences internes.<\/span><\/p>\n<p><span style=\"font-family: 'Calibri',sans-serif;\">Les apports de la <i>Psychoth\u00e9rapie Sensorimotrice<\/i> (Fisher, Ogden, Minton, Goldstein) montrent que les approches psychocorporelles sont particuli\u00e8rement pertinentes pour les jeunes enfants, dont l\u2019expression passe largement par le non<\/span><span style=\"font-family: 'Cambria Math',serif; mso-bidi-font-family: 'Cambria Math';\">\u2011<\/span><span style=\"font-family: 'Calibri',sans-serif;\">verbal. Le travail corporel, le mouvement, le rythme et les jeux moteurs soutiennent la r\u00e9gulation \u00e9motionnelle, l\u2019int\u00e9gration sensorielle, le sentiment de s\u00e9curit\u00e9 et la construction de l\u2019identit\u00e9.<\/span><\/p>\n<p><span style=\"font-family: 'Calibri',sans-serif;\">Enfin, les recherches r\u00e9centes sur le <i>jeu m\u00e9diateur<\/i> soulignent que le jeu actif, guid\u00e9 et co<\/span><span style=\"font-family: 'Cambria Math',serif; mso-bidi-font-family: 'Cambria Math';\">\u2011<\/span><span style=\"font-family: 'Calibri',sans-serif;\">construit favorise la participation, la motivation, la qualit\u00e9 de la relation et les progr\u00e8s d\u00e9veloppementaux.<\/span><\/p>\n<p><b><span style=\"font-family: 'Calibri',sans-serif;\">En r\u00e9unissant ces approches valid\u00e9es, \u00ab&nbsp;<\/span><\/b><b><span style=\"font-size: 14.0pt; line-height: 115%; font-family: 'Calibri',sans-serif;\">L\u2019aventure int\u00e9rieure&nbsp;<\/span><\/b><b><span style=\"font-family: 'Calibri',sans-serif;\">\u00bb propose un cadre relationnel, corporel et exp\u00e9rientiel, scientifiquement \u00e9tay\u00e9, qui soutient la r\u00e9gulation \u00e9motionnelle, la s\u00e9curit\u00e9 interne, l\u2019estime de soi et les comp\u00e9tences sociales des enfant<\/span><\/b><\/p>\t\t\t\t\t<\/div>\n\t\t\t\t\t\t<\/div>\n\t\t\t\t<\/div>\n\t\t\t\t\t\t<\/div>\n\t\t\t\t\t<\/div>\n\t\t<\/div>\n\t\t\t\t\t\t\t\t<\/div>\n\t\t\t\t\t<\/div>\n\t\t<\/section>\n\t\t\t\t\t\t\t\t\t<\/div>\n\t\t\t<\/div>\n\t\t\t\t\t<\/div>\n\t\t","protected":false},"excerpt":{"rendered":"<p>Activit\u00e9s de soutien en groupe L\u2019aventure int\u00e9rieure&nbsp;est un groupe destin\u00e9 aux jeunes enfants qui pr\u00e9sentent des besoins de soutien sur le plan relationnel, \u00e9motionnel, comportemental ou d\u00e9veloppemental, ainsi qu\u2019aux enfants ayant v\u00e9cu des exp\u00e9riences pr\u00e9coces difficiles ou en situation de handicap. Le groupe offre&nbsp;un cadre s\u00e9curisant, bienveillant et inclusif o\u00f9 les enfants explorent leurs \u00e9motions, [&hellip;]<\/p>\n","protected":false},"author":1,"featured_media":0,"parent":183,"menu_order":0,"comment_status":"closed","ping_status":"closed","template":"templates\/template_page-full-width.php","meta":{"footnotes":""},"class_list":["post-245","page","type-page","status-publish","hentry"],"yoast_head":"<!-- This site is optimized with the Yoast SEO plugin v18.1 - https:\/\/yoast.com\/wordpress\/plugins\/seo\/ -->\n<title>Activit\u00e9s en groupe - Psychomotive<\/title>\n<meta name=\"robots\" content=\"index, follow, max-snippet:-1, max-image-preview:large, max-video-preview:-1\" \/>\n<link rel=\"canonical\" href=\"http:\/\/psychomotive.be\/WP\/services\/activites-en-groupe\/\" \/>\n<meta property=\"og:locale\" content=\"fr_FR\" \/>\n<meta property=\"og:type\" content=\"article\" \/>\n<meta property=\"og:title\" content=\"Activit\u00e9s en groupe - Psychomotive\" \/>\n<meta property=\"og:description\" content=\"Activit\u00e9s de soutien en groupe L\u2019aventure int\u00e9rieure&nbsp;est un groupe destin\u00e9 aux jeunes enfants qui pr\u00e9sentent des besoins de soutien sur le plan relationnel, \u00e9motionnel, comportemental ou d\u00e9veloppemental, ainsi qu\u2019aux enfants ayant v\u00e9cu des exp\u00e9riences pr\u00e9coces difficiles ou en situation de handicap. Le groupe offre&nbsp;un cadre s\u00e9curisant, bienveillant et inclusif o\u00f9 les enfants explorent leurs \u00e9motions, [&hellip;]\" \/>\n<meta property=\"og:url\" content=\"http:\/\/psychomotive.be\/WP\/services\/activites-en-groupe\/\" \/>\n<meta property=\"og:site_name\" content=\"Psychomotive\" \/>\n<meta property=\"article:publisher\" content=\"https:\/\/www.facebook.com\/Psychomotive-1345472448800391\/\" \/>\n<meta property=\"article:modified_time\" content=\"2026-01-29T18:07:34+00:00\" \/>\n<meta property=\"og:image\" content=\"http:\/\/psychomotive.be\/WP\/wp-content\/uploads\/2026\/01\/Aventure-Interieure-2026-1024x765.png\" \/>\n<meta name=\"twitter:card\" content=\"summary_large_image\" \/>\n<meta name=\"twitter:label1\" content=\"Dur\u00e9e de lecture estim\u00e9e\" \/>\n\t<meta name=\"twitter:data1\" content=\"1 minute\" \/>\n<script type=\"application\/ld+json\" class=\"yoast-schema-graph\">{\"@context\":\"https:\/\/schema.org\",\"@graph\":[{\"@type\":\"WebSite\",\"@id\":\"https:\/\/psychomotive.be\/WP\/#website\",\"url\":\"https:\/\/psychomotive.be\/WP\/\",\"name\":\"Psychomotive\",\"description\":\"\",\"potentialAction\":[{\"@type\":\"SearchAction\",\"target\":{\"@type\":\"EntryPoint\",\"urlTemplate\":\"https:\/\/psychomotive.be\/WP\/?s={search_term_string}\"},\"query-input\":\"required name=search_term_string\"}],\"inLanguage\":\"fr-FR\"},{\"@type\":\"ImageObject\",\"@id\":\"http:\/\/psychomotive.be\/WP\/services\/activites-en-groupe\/#primaryimage\",\"inLanguage\":\"fr-FR\",\"url\":\"http:\/\/psychomotive.be\/WP\/wp-content\/uploads\/2026\/01\/Aventure-Interieure-2026-1024x765.png\",\"contentUrl\":\"http:\/\/psychomotive.be\/WP\/wp-content\/uploads\/2026\/01\/Aventure-Interieure-2026-1024x765.png\"},{\"@type\":\"WebPage\",\"@id\":\"http:\/\/psychomotive.be\/WP\/services\/activites-en-groupe\/#webpage\",\"url\":\"http:\/\/psychomotive.be\/WP\/services\/activites-en-groupe\/\",\"name\":\"Activit\u00e9s en groupe - Psychomotive\",\"isPartOf\":{\"@id\":\"https:\/\/psychomotive.be\/WP\/#website\"},\"primaryImageOfPage\":{\"@id\":\"http:\/\/psychomotive.be\/WP\/services\/activites-en-groupe\/#primaryimage\"},\"datePublished\":\"2020-10-03T17:09:18+00:00\",\"dateModified\":\"2026-01-29T18:07:34+00:00\",\"breadcrumb\":{\"@id\":\"http:\/\/psychomotive.be\/WP\/services\/activites-en-groupe\/#breadcrumb\"},\"inLanguage\":\"fr-FR\",\"potentialAction\":[{\"@type\":\"ReadAction\",\"target\":[\"http:\/\/psychomotive.be\/WP\/services\/activites-en-groupe\/\"]}]},{\"@type\":\"BreadcrumbList\",\"@id\":\"http:\/\/psychomotive.be\/WP\/services\/activites-en-groupe\/#breadcrumb\",\"itemListElement\":[{\"@type\":\"ListItem\",\"position\":1,\"name\":\"Accueil\",\"item\":\"https:\/\/psychomotive.be\/WP\/\"},{\"@type\":\"ListItem\",\"position\":2,\"name\":\"Services\",\"item\":\"http:\/\/psychomotive.be\/WP\/services\/\"},{\"@type\":\"ListItem\",\"position\":3,\"name\":\"Activit\u00e9s en groupe\"}]}]}<\/script>\n<!-- \/ Yoast SEO plugin. -->","yoast_head_json":{"title":"Activit\u00e9s en groupe - Psychomotive","robots":{"index":"index","follow":"follow","max-snippet":"max-snippet:-1","max-image-preview":"max-image-preview:large","max-video-preview":"max-video-preview:-1"},"canonical":"http:\/\/psychomotive.be\/WP\/services\/activites-en-groupe\/","og_locale":"fr_FR","og_type":"article","og_title":"Activit\u00e9s en groupe - Psychomotive","og_description":"Activit\u00e9s de soutien en groupe L\u2019aventure int\u00e9rieure&nbsp;est un groupe destin\u00e9 aux jeunes enfants qui pr\u00e9sentent des besoins de soutien sur le plan relationnel, \u00e9motionnel, comportemental ou d\u00e9veloppemental, ainsi qu\u2019aux enfants ayant v\u00e9cu des exp\u00e9riences pr\u00e9coces difficiles ou en situation de handicap. Le groupe offre&nbsp;un cadre s\u00e9curisant, bienveillant et inclusif o\u00f9 les enfants explorent leurs \u00e9motions, [&hellip;]","og_url":"http:\/\/psychomotive.be\/WP\/services\/activites-en-groupe\/","og_site_name":"Psychomotive","article_publisher":"https:\/\/www.facebook.com\/Psychomotive-1345472448800391\/","article_modified_time":"2026-01-29T18:07:34+00:00","og_image":[{"url":"http:\/\/psychomotive.be\/WP\/wp-content\/uploads\/2026\/01\/Aventure-Interieure-2026-1024x765.png"}],"twitter_card":"summary_large_image","twitter_misc":{"Dur\u00e9e de lecture estim\u00e9e":"1 minute"},"schema":{"@context":"https:\/\/schema.org","@graph":[{"@type":"WebSite","@id":"https:\/\/psychomotive.be\/WP\/#website","url":"https:\/\/psychomotive.be\/WP\/","name":"Psychomotive","description":"","potentialAction":[{"@type":"SearchAction","target":{"@type":"EntryPoint","urlTemplate":"https:\/\/psychomotive.be\/WP\/?s={search_term_string}"},"query-input":"required name=search_term_string"}],"inLanguage":"fr-FR"},{"@type":"ImageObject","@id":"http:\/\/psychomotive.be\/WP\/services\/activites-en-groupe\/#primaryimage","inLanguage":"fr-FR","url":"http:\/\/psychomotive.be\/WP\/wp-content\/uploads\/2026\/01\/Aventure-Interieure-2026-1024x765.png","contentUrl":"http:\/\/psychomotive.be\/WP\/wp-content\/uploads\/2026\/01\/Aventure-Interieure-2026-1024x765.png"},{"@type":"WebPage","@id":"http:\/\/psychomotive.be\/WP\/services\/activites-en-groupe\/#webpage","url":"http:\/\/psychomotive.be\/WP\/services\/activites-en-groupe\/","name":"Activit\u00e9s en groupe - Psychomotive","isPartOf":{"@id":"https:\/\/psychomotive.be\/WP\/#website"},"primaryImageOfPage":{"@id":"http:\/\/psychomotive.be\/WP\/services\/activites-en-groupe\/#primaryimage"},"datePublished":"2020-10-03T17:09:18+00:00","dateModified":"2026-01-29T18:07:34+00:00","breadcrumb":{"@id":"http:\/\/psychomotive.be\/WP\/services\/activites-en-groupe\/#breadcrumb"},"inLanguage":"fr-FR","potentialAction":[{"@type":"ReadAction","target":["http:\/\/psychomotive.be\/WP\/services\/activites-en-groupe\/"]}]},{"@type":"BreadcrumbList","@id":"http:\/\/psychomotive.be\/WP\/services\/activites-en-groupe\/#breadcrumb","itemListElement":[{"@type":"ListItem","position":1,"name":"Accueil","item":"https:\/\/psychomotive.be\/WP\/"},{"@type":"ListItem","position":2,"name":"Services","item":"http:\/\/psychomotive.be\/WP\/services\/"},{"@type":"ListItem","position":3,"name":"Activit\u00e9s en groupe"}]}]}},"_links":{"self":[{"href":"http:\/\/psychomotive.be\/WP\/wp-json\/wp\/v2\/pages\/245","targetHints":{"allow":["GET"]}}],"collection":[{"href":"http:\/\/psychomotive.be\/WP\/wp-json\/wp\/v2\/pages"}],"about":[{"href":"http:\/\/psychomotive.be\/WP\/wp-json\/wp\/v2\/types\/page"}],"author":[{"embeddable":true,"href":"http:\/\/psychomotive.be\/WP\/wp-json\/wp\/v2\/users\/1"}],"replies":[{"embeddable":true,"href":"http:\/\/psychomotive.be\/WP\/wp-json\/wp\/v2\/comments?post=245"}],"version-history":[{"count":63,"href":"http:\/\/psychomotive.be\/WP\/wp-json\/wp\/v2\/pages\/245\/revisions"}],"predecessor-version":[{"id":1726,"href":"http:\/\/psychomotive.be\/WP\/wp-json\/wp\/v2\/pages\/245\/revisions\/1726"}],"up":[{"embeddable":true,"href":"http:\/\/psychomotive.be\/WP\/wp-json\/wp\/v2\/pages\/183"}],"wp:attachment":[{"href":"http:\/\/psychomotive.be\/WP\/wp-json\/wp\/v2\/media?parent=245"}],"curies":[{"name":"wp","href":"https:\/\/api.w.org\/{rel}","templated":true}]}}